{"id":7726,"date":"2025-11-13T18:05:13","date_gmt":"2025-11-13T18:05:13","guid":{"rendered":"https:\/\/ademascarel.fr\/?post_type=product&#038;p=7726"},"modified":"2025-11-16T16:53:26","modified_gmt":"2025-11-16T16:53:26","slug":"cf-chain-of-fool-magritte","status":"publish","type":"product","link":"https:\/\/ademascarel.fr\/index.php\/product\/cf-chain-of-fool-magritte\/","title":{"rendered":"CF &#8211; Chains of fools \/ Valodon"},"content":{"rendered":"","protected":false},"excerpt":{"rendered":"<p>Cha\u00eene vintage ras du cou, \u00a0maillons \u00a0torsad\u00e9s plaqu\u00e9 or supportant un anneau avec double pendentif : brillant serti avec griffes, perle filigrane plaqu\u00e9 or et perle nacre blanche<\/p>\n<p>Hauteur pendentif 2,8cm<\/p>\n<p>Longueur cha\u00eene 41 cm<\/p>\n<p>Longueur cha\u00eene 40 cm<\/p>\n<p>Longueur chainon torsad\u00e9 1,8cm<\/p>\n<p>Fermoir \u00e0 bascule sur le devant<\/p>\n<p>&nbsp;<\/p>\n<p>&nbsp;<\/p>\n","protected":false},"featured_media":7742,"template":"","meta":[],"product_brand":[],"product_cat":[701,666],"product_tag":[687,686],"class_list":{"0":"post-7726","1":"product","2":"type-product","3":"status-publish","4":"has-post-thumbnail","6":"product_cat-chains-of-fools","7":"product_cat-colliers-2","8":"product_tag-colliers","9":"product_tag-femme","11":"first","12":"instock","13":"shipping-taxable","14":"purchasable","15":"product-type-simple"},"yoast_head":"<!-- This site is optimized with the Yoast SEO plugin v27.3 - https:\/\/yoast.com\/product\/yoast-seo-wordpress\/ -->\n<title>CF - Chains of fools \/ Valodon &#8211; Anne de Mascarel<\/title>\n<meta name=\"robots\" content=\"index, follow, max-snippet:-1, max-image-preview:large, max-video-preview:-1\" \/>\n<link rel=\"canonical\" href=\"https:\/\/ademascarel.fr\/index.php\/product\/cf-chain-of-fool-magritte\/\" \/>\n<meta property=\"og:locale\" content=\"fr_FR\" \/>\n<meta property=\"og:type\" content=\"article\" \/>\n<meta property=\"og:title\" content=\"CF - Chains of fools \/ Valodon &#8211; Anne de Mascarel\" \/>\n<meta property=\"og:description\" content=\"Cha\u00eene vintage ras du cou, \u00a0maillons \u00a0torsad\u00e9s plaqu\u00e9 or supportant un anneau avec double pendentif : brillant serti avec griffes, perle filigrane plaqu\u00e9 or et perle nacre blanche  Hauteur pendentif 2,8cm  Longueur cha\u00eene 41 cm  Longueur cha\u00eene 40 cm  Longueur chainon torsad\u00e9 1,8cm  Fermoir \u00e0 bascule sur le devant  &nbsp;  &nbsp;\" \/>\n<meta property=\"og:url\" content=\"https:\/\/ademascarel.fr\/index.php\/product\/cf-chain-of-fool-magritte\/\" \/>\n<meta property=\"og:site_name\" content=\"Anne de Mascarel\" \/>\n<meta property=\"article:publisher\" content=\"https:\/\/www.facebook.com\/ademascarel\/\" \/>\n<meta property=\"article:modified_time\" content=\"2025-11-16T16:53:26+00:00\" \/>\n<meta property=\"og:image\" content=\"https:\/\/ademascarel.fr\/wp-content\/uploads\/2025\/11\/20251113_145926.jpg\" \/>\n\t<meta property=\"og:image:width\" content=\"2008\" \/>\n\t<meta property=\"og:image:height\" content=\"2162\" \/>\n\t<meta property=\"og:image:type\" content=\"image\/jpeg\" \/>\n<meta name=\"twitter:card\" content=\"summary_large_image\" \/>\n<meta name=\"twitter:label1\" content=\"Dur\u00e9e de lecture estim\u00e9e\" \/>\n\t<meta name=\"twitter:data1\" content=\"1 minute\" \/>\n<script type=\"application\/ld+json\" class=\"yoast-schema-graph\">{\"@context\":\"https:\\\/\\\/schema.org\",\"@graph\":[{\"@type\":\"WebPage\",\"@id\":\"https:\\\/\\\/ademascarel.fr\\\/index.php\\\/product\\\/cf-chain-of-fool-magritte\\\/\",\"url\":\"https:\\\/\\\/ademascarel.fr\\\/index.php\\\/product\\\/cf-chain-of-fool-magritte\\\/\",\"name\":\"CF - Chains of fools \\\/ Valodon &#8211; Anne de Mascarel\",\"isPartOf\":{\"@id\":\"https:\\\/\\\/ademascarel.fr\\\/#website\"},\"primaryImageOfPage\":{\"@id\":\"https:\\\/\\\/ademascarel.fr\\\/index.php\\\/product\\\/cf-chain-of-fool-magritte\\\/#primaryimage\"},\"image\":{\"@id\":\"https:\\\/\\\/ademascarel.fr\\\/index.php\\\/product\\\/cf-chain-of-fool-magritte\\\/#primaryimage\"},\"thumbnailUrl\":\"https:\\\/\\\/ademascarel.fr\\\/wp-content\\\/uploads\\\/2025\\\/11\\\/20251113_145926.jpg\",\"datePublished\":\"2025-11-13T18:05:13+00:00\",\"dateModified\":\"2025-11-16T16:53:26+00:00\",\"breadcrumb\":{\"@id\":\"https:\\\/\\\/ademascarel.fr\\\/index.php\\\/product\\\/cf-chain-of-fool-magritte\\\/#breadcrumb\"},\"inLanguage\":\"fr-FR\",\"potentialAction\":[{\"@type\":\"ReadAction\",\"target\":[\"https:\\\/\\\/ademascarel.fr\\\/index.php\\\/product\\\/cf-chain-of-fool-magritte\\\/\"]}]},{\"@type\":\"ImageObject\",\"inLanguage\":\"fr-FR\",\"@id\":\"https:\\\/\\\/ademascarel.fr\\\/index.php\\\/product\\\/cf-chain-of-fool-magritte\\\/#primaryimage\",\"url\":\"https:\\\/\\\/ademascarel.fr\\\/wp-content\\\/uploads\\\/2025\\\/11\\\/20251113_145926.jpg\",\"contentUrl\":\"https:\\\/\\\/ademascarel.fr\\\/wp-content\\\/uploads\\\/2025\\\/11\\\/20251113_145926.jpg\",\"width\":2008,\"height\":2162},{\"@type\":\"BreadcrumbList\",\"@id\":\"https:\\\/\\\/ademascarel.fr\\\/index.php\\\/product\\\/cf-chain-of-fool-magritte\\\/#breadcrumb\",\"itemListElement\":[{\"@type\":\"ListItem\",\"position\":1,\"name\":\"Accueil\",\"item\":\"https:\\\/\\\/ademascarel.fr\\\/\"},{\"@type\":\"ListItem\",\"position\":2,\"name\":\"Shop\",\"item\":\"https:\\\/\\\/ademascarel.fr\\\/index.php\\\/shop-tout\\\/\"},{\"@type\":\"ListItem\",\"position\":3,\"name\":\"CF &#8211; Chains of fools \\\/ Valodon\"}]},{\"@type\":\"WebSite\",\"@id\":\"https:\\\/\\\/ademascarel.fr\\\/#website\",\"url\":\"https:\\\/\\\/ademascarel.fr\\\/\",\"name\":\"Anne-de-Mascarel\",\"description\":\"B I J O U X\",\"publisher\":{\"@id\":\"https:\\\/\\\/ademascarel.fr\\\/#organization\"},\"potentialAction\":[{\"@type\":\"SearchAction\",\"target\":{\"@type\":\"EntryPoint\",\"urlTemplate\":\"https:\\\/\\\/ademascarel.fr\\\/?s={search_term_string}\"},\"query-input\":{\"@type\":\"PropertyValueSpecification\",\"valueRequired\":true,\"valueName\":\"search_term_string\"}}],\"inLanguage\":\"fr-FR\"},{\"@type\":\"Organization\",\"@id\":\"https:\\\/\\\/ademascarel.fr\\\/#organization\",\"name\":\"Anne de Mascarel\",\"url\":\"https:\\\/\\\/ademascarel.fr\\\/\",\"logo\":{\"@type\":\"ImageObject\",\"inLanguage\":\"fr-FR\",\"@id\":\"https:\\\/\\\/ademascarel.fr\\\/#\\\/schema\\\/logo\\\/image\\\/\",\"url\":\"http:\\\/\\\/ademascarel.fr\\\/wp-content\\\/uploads\\\/2021\\\/02\\\/cropped-Screenshot-2021-02-01-at-19.09.26.png\",\"contentUrl\":\"http:\\\/\\\/ademascarel.fr\\\/wp-content\\\/uploads\\\/2021\\\/02\\\/cropped-Screenshot-2021-02-01-at-19.09.26.png\",\"width\":512,\"height\":512,\"caption\":\"Anne de Mascarel\"},\"image\":{\"@id\":\"https:\\\/\\\/ademascarel.fr\\\/#\\\/schema\\\/logo\\\/image\\\/\"},\"sameAs\":[\"https:\\\/\\\/www.facebook.com\\\/ademascarel\\\/\",\"https:\\\/\\\/www.instagram.com\\\/ademascarel\\\/\"]}]}<\/script>\n<!-- \/ Yoast SEO plugin. -->","yoast_head_json":{"title":"CF - Chains of fools \/ Valodon &#8211; Anne de Mascarel","robots":{"index":"index","follow":"follow","max-snippet":"max-snippet:-1","max-image-preview":"max-image-preview:large","max-video-preview":"max-video-preview:-1"},"canonical":"https:\/\/ademascarel.fr\/index.php\/product\/cf-chain-of-fool-magritte\/","og_locale":"fr_FR","og_type":"article","og_title":"CF - Chains of fools \/ Valodon &#8211; Anne de Mascarel","og_description":"Cha\u00eene vintage ras du cou, \u00a0maillons \u00a0torsad\u00e9s plaqu\u00e9 or supportant un anneau avec double pendentif : brillant serti avec griffes, perle filigrane plaqu\u00e9 or et perle nacre blanche  Hauteur pendentif 2,8cm  Longueur cha\u00eene 41 cm  Longueur cha\u00eene 40 cm  Longueur chainon torsad\u00e9 1,8cm  Fermoir \u00e0 bascule sur le devant  &nbsp;  &nbsp;","og_url":"https:\/\/ademascarel.fr\/index.php\/product\/cf-chain-of-fool-magritte\/","og_site_name":"Anne de Mascarel","article_publisher":"https:\/\/www.facebook.com\/ademascarel\/","article_modified_time":"2025-11-16T16:53:26+00:00","og_image":[{"width":2008,"height":2162,"url":"https:\/\/ademascarel.fr\/wp-content\/uploads\/2025\/11\/20251113_145926.jpg","type":"image\/jpeg"}],"twitter_card":"summary_large_image","twitter_misc":{"Dur\u00e9e de lecture estim\u00e9e":"1 minute"},"schema":{"@context":"https:\/\/schema.org","@graph":[{"@type":"WebPage","@id":"https:\/\/ademascarel.fr\/index.php\/product\/cf-chain-of-fool-magritte\/","url":"https:\/\/ademascarel.fr\/index.php\/product\/cf-chain-of-fool-magritte\/","name":"CF - Chains of fools \/ Valodon &#8211; Anne de Mascarel","isPartOf":{"@id":"https:\/\/ademascarel.fr\/#website"},"primaryImageOfPage":{"@id":"https:\/\/ademascarel.fr\/index.php\/product\/cf-chain-of-fool-magritte\/#primaryimage"},"image":{"@id":"https:\/\/ademascarel.fr\/index.php\/product\/cf-chain-of-fool-magritte\/#primaryimage"},"thumbnailUrl":"https:\/\/ademascarel.fr\/wp-content\/uploads\/2025\/11\/20251113_145926.jpg","datePublished":"2025-11-13T18:05:13+00:00","dateModified":"2025-11-16T16:53:26+00:00","breadcrumb":{"@id":"https:\/\/ademascarel.fr\/index.php\/product\/cf-chain-of-fool-magritte\/#breadcrumb"},"inLanguage":"fr-FR","potentialAction":[{"@type":"ReadAction","target":["https:\/\/ademascarel.fr\/index.php\/product\/cf-chain-of-fool-magritte\/"]}]},{"@type":"ImageObject","inLanguage":"fr-FR","@id":"https:\/\/ademascarel.fr\/index.php\/product\/cf-chain-of-fool-magritte\/#primaryimage","url":"https:\/\/ademascarel.fr\/wp-content\/uploads\/2025\/11\/20251113_145926.jpg","contentUrl":"https:\/\/ademascarel.fr\/wp-content\/uploads\/2025\/11\/20251113_145926.jpg","width":2008,"height":2162},{"@type":"BreadcrumbList","@id":"https:\/\/ademascarel.fr\/index.php\/product\/cf-chain-of-fool-magritte\/#breadcrumb","itemListElement":[{"@type":"ListItem","position":1,"name":"Accueil","item":"https:\/\/ademascarel.fr\/"},{"@type":"ListItem","position":2,"name":"Shop","item":"https:\/\/ademascarel.fr\/index.php\/shop-tout\/"},{"@type":"ListItem","position":3,"name":"CF &#8211; Chains of fools \/ Valodon"}]},{"@type":"WebSite","@id":"https:\/\/ademascarel.fr\/#website","url":"https:\/\/ademascarel.fr\/","name":"Anne-de-Mascarel","description":"B I J O U X","publisher":{"@id":"https:\/\/ademascarel.fr\/#organization"},"potentialAction":[{"@type":"SearchAction","target":{"@type":"EntryPoint","urlTemplate":"https:\/\/ademascarel.fr\/?s={search_term_string}"},"query-input":{"@type":"PropertyValueSpecification","valueRequired":true,"valueName":"search_term_string"}}],"inLanguage":"fr-FR"},{"@type":"Organization","@id":"https:\/\/ademascarel.fr\/#organization","name":"Anne de Mascarel","url":"https:\/\/ademascarel.fr\/","logo":{"@type":"ImageObject","inLanguage":"fr-FR","@id":"https:\/\/ademascarel.fr\/#\/schema\/logo\/image\/","url":"http:\/\/ademascarel.fr\/wp-content\/uploads\/2021\/02\/cropped-Screenshot-2021-02-01-at-19.09.26.png","contentUrl":"http:\/\/ademascarel.fr\/wp-content\/uploads\/2021\/02\/cropped-Screenshot-2021-02-01-at-19.09.26.png","width":512,"height":512,"caption":"Anne de Mascarel"},"image":{"@id":"https:\/\/ademascarel.fr\/#\/schema\/logo\/image\/"},"sameAs":["https:\/\/www.facebook.com\/ademascarel\/","https:\/\/www.instagram.com\/ademascarel\/"]}]}},"_links":{"self":[{"href":"https:\/\/ademascarel.fr\/index.php\/wp-json\/wp\/v2\/product\/7726","targetHints":{"allow":["GET"]}}],"collection":[{"href":"https:\/\/ademascarel.fr\/index.php\/wp-json\/wp\/v2\/product"}],"about":[{"href":"https:\/\/ademascarel.fr\/index.php\/wp-json\/wp\/v2\/types\/product"}],"wp:featuredmedia":[{"embeddable":true,"href":"https:\/\/ademascarel.fr\/index.php\/wp-json\/wp\/v2\/media\/7742"}],"wp:attachment":[{"href":"https:\/\/ademascarel.fr\/index.php\/wp-json\/wp\/v2\/media?parent=7726"}],"wp:term":[{"taxonomy":"product_brand","embeddable":true,"href":"https:\/\/ademascarel.fr\/index.php\/wp-json\/wp\/v2\/product_brand?post=7726"},{"taxonomy":"product_cat","embeddable":true,"href":"https:\/\/ademascarel.fr\/index.php\/wp-json\/wp\/v2\/product_cat?post=7726"},{"taxonomy":"product_tag","embeddable":true,"href":"https:\/\/ademascarel.fr\/index.php\/wp-json\/wp\/v2\/product_tag?post=7726"}],"curies":[{"name":"wp","href":"https:\/\/api.w.org\/{rel}","templated":true}]}}