{"id":7459,"date":"2025-06-01T16:24:36","date_gmt":"2025-06-01T16:24:36","guid":{"rendered":"https:\/\/ademascarel.fr\/?post_type=product&#038;p=7459"},"modified":"2025-06-10T13:55:09","modified_gmt":"2025-06-10T13:55:09","slug":"bo-heritage-clementine","status":"publish","type":"product","link":"https:\/\/ademascarel.fr\/index.php\/product\/bo-heritage-clementine\/","title":{"rendered":"BO &#8211; H\u00e9ritage \/ Bastille"},"content":{"rendered":"","protected":false},"excerpt":{"rendered":"<p>Boucles d&rsquo;oreilles longues, compos\u00e9es d&rsquo;un gros anneau plaqu\u00e9 or, de plusieurs cristaux \u00e0 facettes, d&rsquo;une perle blanche et d&rsquo;une bague interm\u00e9diaire plaqu\u00e9e or avec mini perles. Attaches et crochets en acier inoxydable.<\/p>\n<p>Hauteur \u00a06,5cm \u00a0 \u00a0 \u00a0 \u00a0 Diam\u00e8tre de l&rsquo;anneau 1,8cm<\/p>\n","protected":false},"featured_media":7440,"template":"","meta":[],"product_brand":[],"product_cat":[663,670],"product_tag":[693,686],"class_list":{"0":"post-7459","1":"product","2":"type-product","3":"status-publish","4":"has-post-thumbnail","6":"product_cat-boucles-doreille","7":"product_cat-heritage","8":"product_tag-boucle-doreilles","9":"product_tag-femme","11":"first","12":"instock","13":"shipping-taxable","14":"purchasable","15":"product-type-simple"},"yoast_head":"<!-- This site is optimized with the Yoast SEO plugin v27.6 - https:\/\/yoast.com\/product\/yoast-seo-wordpress\/ -->\n<title>BO - H\u00e9ritage \/ Bastille &#8211; Anne de Mascarel<\/title>\n<meta name=\"robots\" content=\"index, follow, max-snippet:-1, max-image-preview:large, max-video-preview:-1\" \/>\n<link rel=\"canonical\" href=\"https:\/\/ademascarel.fr\/index.php\/product\/bo-heritage-clementine\/\" \/>\n<meta property=\"og:locale\" content=\"fr_FR\" \/>\n<meta property=\"og:type\" content=\"article\" \/>\n<meta property=\"og:title\" content=\"BO - H\u00e9ritage \/ Bastille &#8211; Anne de Mascarel\" \/>\n<meta property=\"og:description\" content=\"Boucles d&#039;oreilles longues, compos\u00e9es d&#039;un gros anneau plaqu\u00e9 or, de plusieurs cristaux \u00e0 facettes, d&#039;une perle blanche et d&#039;une bague interm\u00e9diaire plaqu\u00e9e or avec mini perles. Attaches et crochets en acier inoxydable.  Hauteur \u00a06,5cm \u00a0 \u00a0 \u00a0 \u00a0 Diam\u00e8tre de l&#039;anneau 1,8cm\" \/>\n<meta property=\"og:url\" content=\"https:\/\/ademascarel.fr\/index.php\/product\/bo-heritage-clementine\/\" \/>\n<meta property=\"og:site_name\" content=\"Anne de Mascarel\" \/>\n<meta property=\"article:publisher\" content=\"https:\/\/www.facebook.com\/ademascarel\/\" \/>\n<meta property=\"article:modified_time\" content=\"2025-06-10T13:55:09+00:00\" \/>\n<meta property=\"og:image\" content=\"https:\/\/ademascarel.fr\/wp-content\/uploads\/2025\/06\/20250427_104028.jpg\" \/>\n\t<meta property=\"og:image:width\" content=\"1575\" \/>\n\t<meta property=\"og:image:height\" content=\"1897\" \/>\n\t<meta property=\"og:image:type\" content=\"image\/jpeg\" \/>\n<meta name=\"twitter:card\" content=\"summary_large_image\" \/>\n<meta name=\"twitter:label1\" content=\"Dur\u00e9e de lecture estim\u00e9e\" \/>\n\t<meta name=\"twitter:data1\" content=\"1 minute\" \/>\n<script type=\"application\/ld+json\" class=\"yoast-schema-graph\">{\"@context\":\"https:\\\/\\\/schema.org\",\"@graph\":[{\"@type\":\"WebPage\",\"@id\":\"https:\\\/\\\/ademascarel.fr\\\/index.php\\\/product\\\/bo-heritage-clementine\\\/\",\"url\":\"https:\\\/\\\/ademascarel.fr\\\/index.php\\\/product\\\/bo-heritage-clementine\\\/\",\"name\":\"BO - H\u00e9ritage \\\/ Bastille &#8211; Anne de Mascarel\",\"isPartOf\":{\"@id\":\"https:\\\/\\\/ademascarel.fr\\\/#website\"},\"primaryImageOfPage\":{\"@id\":\"https:\\\/\\\/ademascarel.fr\\\/index.php\\\/product\\\/bo-heritage-clementine\\\/#primaryimage\"},\"image\":{\"@id\":\"https:\\\/\\\/ademascarel.fr\\\/index.php\\\/product\\\/bo-heritage-clementine\\\/#primaryimage\"},\"thumbnailUrl\":\"https:\\\/\\\/ademascarel.fr\\\/wp-content\\\/uploads\\\/2025\\\/06\\\/20250427_104028.jpg\",\"datePublished\":\"2025-06-01T16:24:36+00:00\",\"dateModified\":\"2025-06-10T13:55:09+00:00\",\"breadcrumb\":{\"@id\":\"https:\\\/\\\/ademascarel.fr\\\/index.php\\\/product\\\/bo-heritage-clementine\\\/#breadcrumb\"},\"inLanguage\":\"fr-FR\",\"potentialAction\":[{\"@type\":\"ReadAction\",\"target\":[\"https:\\\/\\\/ademascarel.fr\\\/index.php\\\/product\\\/bo-heritage-clementine\\\/\"]}]},{\"@type\":\"ImageObject\",\"inLanguage\":\"fr-FR\",\"@id\":\"https:\\\/\\\/ademascarel.fr\\\/index.php\\\/product\\\/bo-heritage-clementine\\\/#primaryimage\",\"url\":\"https:\\\/\\\/ademascarel.fr\\\/wp-content\\\/uploads\\\/2025\\\/06\\\/20250427_104028.jpg\",\"contentUrl\":\"https:\\\/\\\/ademascarel.fr\\\/wp-content\\\/uploads\\\/2025\\\/06\\\/20250427_104028.jpg\",\"width\":1575,\"height\":1897},{\"@type\":\"BreadcrumbList\",\"@id\":\"https:\\\/\\\/ademascarel.fr\\\/index.php\\\/product\\\/bo-heritage-clementine\\\/#breadcrumb\",\"itemListElement\":[{\"@type\":\"ListItem\",\"position\":1,\"name\":\"Accueil\",\"item\":\"https:\\\/\\\/ademascarel.fr\\\/\"},{\"@type\":\"ListItem\",\"position\":2,\"name\":\"Shop\",\"item\":\"https:\\\/\\\/ademascarel.fr\\\/index.php\\\/shop-tout\\\/\"},{\"@type\":\"ListItem\",\"position\":3,\"name\":\"BO &#8211; H\u00e9ritage \\\/ Bastille\"}]},{\"@type\":\"WebSite\",\"@id\":\"https:\\\/\\\/ademascarel.fr\\\/#website\",\"url\":\"https:\\\/\\\/ademascarel.fr\\\/\",\"name\":\"Anne-de-Mascarel\",\"description\":\"B I J O U X\",\"publisher\":{\"@id\":\"https:\\\/\\\/ademascarel.fr\\\/#organization\"},\"potentialAction\":[{\"@type\":\"SearchAction\",\"target\":{\"@type\":\"EntryPoint\",\"urlTemplate\":\"https:\\\/\\\/ademascarel.fr\\\/?s={search_term_string}\"},\"query-input\":{\"@type\":\"PropertyValueSpecification\",\"valueRequired\":true,\"valueName\":\"search_term_string\"}}],\"inLanguage\":\"fr-FR\"},{\"@type\":\"Organization\",\"@id\":\"https:\\\/\\\/ademascarel.fr\\\/#organization\",\"name\":\"Anne de Mascarel\",\"url\":\"https:\\\/\\\/ademascarel.fr\\\/\",\"logo\":{\"@type\":\"ImageObject\",\"inLanguage\":\"fr-FR\",\"@id\":\"https:\\\/\\\/ademascarel.fr\\\/#\\\/schema\\\/logo\\\/image\\\/\",\"url\":\"http:\\\/\\\/ademascarel.fr\\\/wp-content\\\/uploads\\\/2021\\\/02\\\/cropped-Screenshot-2021-02-01-at-19.09.26.png\",\"contentUrl\":\"http:\\\/\\\/ademascarel.fr\\\/wp-content\\\/uploads\\\/2021\\\/02\\\/cropped-Screenshot-2021-02-01-at-19.09.26.png\",\"width\":512,\"height\":512,\"caption\":\"Anne de Mascarel\"},\"image\":{\"@id\":\"https:\\\/\\\/ademascarel.fr\\\/#\\\/schema\\\/logo\\\/image\\\/\"},\"sameAs\":[\"https:\\\/\\\/www.facebook.com\\\/ademascarel\\\/\",\"https:\\\/\\\/www.instagram.com\\\/ademascarel\\\/\"]}]}<\/script>\n<!-- \/ Yoast SEO plugin. -->","yoast_head_json":{"title":"BO - H\u00e9ritage \/ Bastille &#8211; Anne de Mascarel","robots":{"index":"index","follow":"follow","max-snippet":"max-snippet:-1","max-image-preview":"max-image-preview:large","max-video-preview":"max-video-preview:-1"},"canonical":"https:\/\/ademascarel.fr\/index.php\/product\/bo-heritage-clementine\/","og_locale":"fr_FR","og_type":"article","og_title":"BO - H\u00e9ritage \/ Bastille &#8211; Anne de Mascarel","og_description":"Boucles d'oreilles longues, compos\u00e9es d'un gros anneau plaqu\u00e9 or, de plusieurs cristaux \u00e0 facettes, d'une perle blanche et d'une bague interm\u00e9diaire plaqu\u00e9e or avec mini perles. Attaches et crochets en acier inoxydable.  Hauteur \u00a06,5cm \u00a0 \u00a0 \u00a0 \u00a0 Diam\u00e8tre de l'anneau 1,8cm","og_url":"https:\/\/ademascarel.fr\/index.php\/product\/bo-heritage-clementine\/","og_site_name":"Anne de Mascarel","article_publisher":"https:\/\/www.facebook.com\/ademascarel\/","article_modified_time":"2025-06-10T13:55:09+00:00","og_image":[{"width":1575,"height":1897,"url":"https:\/\/ademascarel.fr\/wp-content\/uploads\/2025\/06\/20250427_104028.jpg","type":"image\/jpeg"}],"twitter_card":"summary_large_image","twitter_misc":{"Dur\u00e9e de lecture estim\u00e9e":"1 minute"},"schema":{"@context":"https:\/\/schema.org","@graph":[{"@type":"WebPage","@id":"https:\/\/ademascarel.fr\/index.php\/product\/bo-heritage-clementine\/","url":"https:\/\/ademascarel.fr\/index.php\/product\/bo-heritage-clementine\/","name":"BO - H\u00e9ritage \/ Bastille &#8211; Anne de Mascarel","isPartOf":{"@id":"https:\/\/ademascarel.fr\/#website"},"primaryImageOfPage":{"@id":"https:\/\/ademascarel.fr\/index.php\/product\/bo-heritage-clementine\/#primaryimage"},"image":{"@id":"https:\/\/ademascarel.fr\/index.php\/product\/bo-heritage-clementine\/#primaryimage"},"thumbnailUrl":"https:\/\/ademascarel.fr\/wp-content\/uploads\/2025\/06\/20250427_104028.jpg","datePublished":"2025-06-01T16:24:36+00:00","dateModified":"2025-06-10T13:55:09+00:00","breadcrumb":{"@id":"https:\/\/ademascarel.fr\/index.php\/product\/bo-heritage-clementine\/#breadcrumb"},"inLanguage":"fr-FR","potentialAction":[{"@type":"ReadAction","target":["https:\/\/ademascarel.fr\/index.php\/product\/bo-heritage-clementine\/"]}]},{"@type":"ImageObject","inLanguage":"fr-FR","@id":"https:\/\/ademascarel.fr\/index.php\/product\/bo-heritage-clementine\/#primaryimage","url":"https:\/\/ademascarel.fr\/wp-content\/uploads\/2025\/06\/20250427_104028.jpg","contentUrl":"https:\/\/ademascarel.fr\/wp-content\/uploads\/2025\/06\/20250427_104028.jpg","width":1575,"height":1897},{"@type":"BreadcrumbList","@id":"https:\/\/ademascarel.fr\/index.php\/product\/bo-heritage-clementine\/#breadcrumb","itemListElement":[{"@type":"ListItem","position":1,"name":"Accueil","item":"https:\/\/ademascarel.fr\/"},{"@type":"ListItem","position":2,"name":"Shop","item":"https:\/\/ademascarel.fr\/index.php\/shop-tout\/"},{"@type":"ListItem","position":3,"name":"BO &#8211; H\u00e9ritage \/ Bastille"}]},{"@type":"WebSite","@id":"https:\/\/ademascarel.fr\/#website","url":"https:\/\/ademascarel.fr\/","name":"Anne-de-Mascarel","description":"B I J O U X","publisher":{"@id":"https:\/\/ademascarel.fr\/#organization"},"potentialAction":[{"@type":"SearchAction","target":{"@type":"EntryPoint","urlTemplate":"https:\/\/ademascarel.fr\/?s={search_term_string}"},"query-input":{"@type":"PropertyValueSpecification","valueRequired":true,"valueName":"search_term_string"}}],"inLanguage":"fr-FR"},{"@type":"Organization","@id":"https:\/\/ademascarel.fr\/#organization","name":"Anne de Mascarel","url":"https:\/\/ademascarel.fr\/","logo":{"@type":"ImageObject","inLanguage":"fr-FR","@id":"https:\/\/ademascarel.fr\/#\/schema\/logo\/image\/","url":"http:\/\/ademascarel.fr\/wp-content\/uploads\/2021\/02\/cropped-Screenshot-2021-02-01-at-19.09.26.png","contentUrl":"http:\/\/ademascarel.fr\/wp-content\/uploads\/2021\/02\/cropped-Screenshot-2021-02-01-at-19.09.26.png","width":512,"height":512,"caption":"Anne de Mascarel"},"image":{"@id":"https:\/\/ademascarel.fr\/#\/schema\/logo\/image\/"},"sameAs":["https:\/\/www.facebook.com\/ademascarel\/","https:\/\/www.instagram.com\/ademascarel\/"]}]}},"_links":{"self":[{"href":"https:\/\/ademascarel.fr\/index.php\/wp-json\/wp\/v2\/product\/7459","targetHints":{"allow":["GET"]}}],"collection":[{"href":"https:\/\/ademascarel.fr\/index.php\/wp-json\/wp\/v2\/product"}],"about":[{"href":"https:\/\/ademascarel.fr\/index.php\/wp-json\/wp\/v2\/types\/product"}],"wp:featuredmedia":[{"embeddable":true,"href":"https:\/\/ademascarel.fr\/index.php\/wp-json\/wp\/v2\/media\/7440"}],"wp:attachment":[{"href":"https:\/\/ademascarel.fr\/index.php\/wp-json\/wp\/v2\/media?parent=7459"}],"wp:term":[{"taxonomy":"product_brand","embeddable":true,"href":"https:\/\/ademascarel.fr\/index.php\/wp-json\/wp\/v2\/product_brand?post=7459"},{"taxonomy":"product_cat","embeddable":true,"href":"https:\/\/ademascarel.fr\/index.php\/wp-json\/wp\/v2\/product_cat?post=7459"},{"taxonomy":"product_tag","embeddable":true,"href":"https:\/\/ademascarel.fr\/index.php\/wp-json\/wp\/v2\/product_tag?post=7459"}],"curies":[{"name":"wp","href":"https:\/\/api.w.org\/{rel}","templated":true}]}}