{"id":7452,"date":"2025-06-01T15:56:01","date_gmt":"2025-06-01T15:56:01","guid":{"rendered":"https:\/\/ademascarel.fr\/?post_type=product&#038;p=7452"},"modified":"2025-11-16T09:51:20","modified_gmt":"2025-11-16T09:51:20","slug":"cf-chain-of-fools-virginia","status":"publish","type":"product","link":"https:\/\/ademascarel.fr\/index.php\/product\/cf-chain-of-fools-virginia\/","title":{"rendered":"CF &#8211; Chains of fools \/ Braque"},"content":{"rendered":"","protected":false},"excerpt":{"rendered":"<p>Chaine vintage en acier dor\u00e9 et cuivr\u00e9 . Pendentif compos\u00e9 d&rsquo;un carr\u00e9 de verre de Murano avec feuille d&rsquo;argent incluse et d&rsquo;une \u00e9toile de mer dor\u00e9e vintage 70&prime;<\/p>\n<p>Hauteur du collier \u00a033,5cm \u00a0 \u00a0 \u00a0 \u00a0 Hauteur du pendentif 2cm<\/p>\n<p>Fermoir \u00e0 bascule sur le devant.<\/p>\n","protected":false},"featured_media":7454,"template":"","meta":[],"product_brand":[],"product_cat":[701,666],"product_tag":[687,686],"class_list":{"0":"post-7452","1":"product","2":"type-product","3":"status-publish","4":"has-post-thumbnail","6":"product_cat-chains-of-fools","7":"product_cat-colliers-2","8":"product_tag-colliers","9":"product_tag-femme","11":"first","12":"instock","13":"shipping-taxable","14":"purchasable","15":"product-type-simple"},"yoast_head":"<!-- This site is optimized with the Yoast SEO plugin v27.6 - https:\/\/yoast.com\/product\/yoast-seo-wordpress\/ -->\n<title>CF - Chains of fools \/ Braque &#8211; Anne de Mascarel<\/title>\n<meta name=\"robots\" content=\"index, follow, max-snippet:-1, max-image-preview:large, max-video-preview:-1\" \/>\n<link rel=\"canonical\" href=\"https:\/\/ademascarel.fr\/index.php\/product\/cf-chain-of-fools-virginia\/\" \/>\n<meta property=\"og:locale\" content=\"fr_FR\" \/>\n<meta property=\"og:type\" content=\"article\" \/>\n<meta property=\"og:title\" content=\"CF - Chains of fools \/ Braque &#8211; Anne de Mascarel\" \/>\n<meta property=\"og:description\" content=\"Chaine vintage en acier dor\u00e9 et cuivr\u00e9 . Pendentif compos\u00e9 d&#039;un carr\u00e9 de verre de Murano avec feuille d&#039;argent incluse et d&#039;une \u00e9toile de mer dor\u00e9e vintage 70&#039;  Hauteur du collier \u00a033,5cm \u00a0 \u00a0 \u00a0 \u00a0 Hauteur du pendentif 2cm  Fermoir \u00e0 bascule sur le devant.\" \/>\n<meta property=\"og:url\" content=\"https:\/\/ademascarel.fr\/index.php\/product\/cf-chain-of-fools-virginia\/\" \/>\n<meta property=\"og:site_name\" content=\"Anne de Mascarel\" \/>\n<meta property=\"article:publisher\" content=\"https:\/\/www.facebook.com\/ademascarel\/\" \/>\n<meta property=\"article:modified_time\" content=\"2025-11-16T09:51:20+00:00\" \/>\n<meta property=\"og:image\" content=\"https:\/\/ademascarel.fr\/wp-content\/uploads\/2025\/06\/20250516_191704-e1756830333471.jpg\" \/>\n\t<meta property=\"og:image:width\" content=\"1835\" \/>\n\t<meta property=\"og:image:height\" content=\"2135\" \/>\n\t<meta property=\"og:image:type\" content=\"image\/jpeg\" \/>\n<meta name=\"twitter:card\" content=\"summary_large_image\" \/>\n<meta name=\"twitter:label1\" content=\"Dur\u00e9e de lecture estim\u00e9e\" \/>\n\t<meta name=\"twitter:data1\" content=\"1 minute\" \/>\n<script type=\"application\/ld+json\" class=\"yoast-schema-graph\">{\"@context\":\"https:\\\/\\\/schema.org\",\"@graph\":[{\"@type\":\"WebPage\",\"@id\":\"https:\\\/\\\/ademascarel.fr\\\/index.php\\\/product\\\/cf-chain-of-fools-virginia\\\/\",\"url\":\"https:\\\/\\\/ademascarel.fr\\\/index.php\\\/product\\\/cf-chain-of-fools-virginia\\\/\",\"name\":\"CF - Chains of fools \\\/ Braque &#8211; Anne de Mascarel\",\"isPartOf\":{\"@id\":\"https:\\\/\\\/ademascarel.fr\\\/#website\"},\"primaryImageOfPage\":{\"@id\":\"https:\\\/\\\/ademascarel.fr\\\/index.php\\\/product\\\/cf-chain-of-fools-virginia\\\/#primaryimage\"},\"image\":{\"@id\":\"https:\\\/\\\/ademascarel.fr\\\/index.php\\\/product\\\/cf-chain-of-fools-virginia\\\/#primaryimage\"},\"thumbnailUrl\":\"https:\\\/\\\/ademascarel.fr\\\/wp-content\\\/uploads\\\/2025\\\/06\\\/20250516_191704-e1756830333471.jpg\",\"datePublished\":\"2025-06-01T15:56:01+00:00\",\"dateModified\":\"2025-11-16T09:51:20+00:00\",\"breadcrumb\":{\"@id\":\"https:\\\/\\\/ademascarel.fr\\\/index.php\\\/product\\\/cf-chain-of-fools-virginia\\\/#breadcrumb\"},\"inLanguage\":\"fr-FR\",\"potentialAction\":[{\"@type\":\"ReadAction\",\"target\":[\"https:\\\/\\\/ademascarel.fr\\\/index.php\\\/product\\\/cf-chain-of-fools-virginia\\\/\"]}]},{\"@type\":\"ImageObject\",\"inLanguage\":\"fr-FR\",\"@id\":\"https:\\\/\\\/ademascarel.fr\\\/index.php\\\/product\\\/cf-chain-of-fools-virginia\\\/#primaryimage\",\"url\":\"https:\\\/\\\/ademascarel.fr\\\/wp-content\\\/uploads\\\/2025\\\/06\\\/20250516_191704-e1756830333471.jpg\",\"contentUrl\":\"https:\\\/\\\/ademascarel.fr\\\/wp-content\\\/uploads\\\/2025\\\/06\\\/20250516_191704-e1756830333471.jpg\",\"width\":1835,\"height\":2135},{\"@type\":\"BreadcrumbList\",\"@id\":\"https:\\\/\\\/ademascarel.fr\\\/index.php\\\/product\\\/cf-chain-of-fools-virginia\\\/#breadcrumb\",\"itemListElement\":[{\"@type\":\"ListItem\",\"position\":1,\"name\":\"Accueil\",\"item\":\"https:\\\/\\\/ademascarel.fr\\\/\"},{\"@type\":\"ListItem\",\"position\":2,\"name\":\"Shop\",\"item\":\"https:\\\/\\\/ademascarel.fr\\\/index.php\\\/shop-tout\\\/\"},{\"@type\":\"ListItem\",\"position\":3,\"name\":\"CF &#8211; Chains of fools \\\/ Braque\"}]},{\"@type\":\"WebSite\",\"@id\":\"https:\\\/\\\/ademascarel.fr\\\/#website\",\"url\":\"https:\\\/\\\/ademascarel.fr\\\/\",\"name\":\"Anne-de-Mascarel\",\"description\":\"B I J O U X\",\"publisher\":{\"@id\":\"https:\\\/\\\/ademascarel.fr\\\/#organization\"},\"potentialAction\":[{\"@type\":\"SearchAction\",\"target\":{\"@type\":\"EntryPoint\",\"urlTemplate\":\"https:\\\/\\\/ademascarel.fr\\\/?s={search_term_string}\"},\"query-input\":{\"@type\":\"PropertyValueSpecification\",\"valueRequired\":true,\"valueName\":\"search_term_string\"}}],\"inLanguage\":\"fr-FR\"},{\"@type\":\"Organization\",\"@id\":\"https:\\\/\\\/ademascarel.fr\\\/#organization\",\"name\":\"Anne de Mascarel\",\"url\":\"https:\\\/\\\/ademascarel.fr\\\/\",\"logo\":{\"@type\":\"ImageObject\",\"inLanguage\":\"fr-FR\",\"@id\":\"https:\\\/\\\/ademascarel.fr\\\/#\\\/schema\\\/logo\\\/image\\\/\",\"url\":\"http:\\\/\\\/ademascarel.fr\\\/wp-content\\\/uploads\\\/2021\\\/02\\\/cropped-Screenshot-2021-02-01-at-19.09.26.png\",\"contentUrl\":\"http:\\\/\\\/ademascarel.fr\\\/wp-content\\\/uploads\\\/2021\\\/02\\\/cropped-Screenshot-2021-02-01-at-19.09.26.png\",\"width\":512,\"height\":512,\"caption\":\"Anne de Mascarel\"},\"image\":{\"@id\":\"https:\\\/\\\/ademascarel.fr\\\/#\\\/schema\\\/logo\\\/image\\\/\"},\"sameAs\":[\"https:\\\/\\\/www.facebook.com\\\/ademascarel\\\/\",\"https:\\\/\\\/www.instagram.com\\\/ademascarel\\\/\"]}]}<\/script>\n<!-- \/ Yoast SEO plugin. -->","yoast_head_json":{"title":"CF - Chains of fools \/ Braque &#8211; Anne de Mascarel","robots":{"index":"index","follow":"follow","max-snippet":"max-snippet:-1","max-image-preview":"max-image-preview:large","max-video-preview":"max-video-preview:-1"},"canonical":"https:\/\/ademascarel.fr\/index.php\/product\/cf-chain-of-fools-virginia\/","og_locale":"fr_FR","og_type":"article","og_title":"CF - Chains of fools \/ Braque &#8211; Anne de Mascarel","og_description":"Chaine vintage en acier dor\u00e9 et cuivr\u00e9 . Pendentif compos\u00e9 d'un carr\u00e9 de verre de Murano avec feuille d'argent incluse et d'une \u00e9toile de mer dor\u00e9e vintage 70'  Hauteur du collier \u00a033,5cm \u00a0 \u00a0 \u00a0 \u00a0 Hauteur du pendentif 2cm  Fermoir \u00e0 bascule sur le devant.","og_url":"https:\/\/ademascarel.fr\/index.php\/product\/cf-chain-of-fools-virginia\/","og_site_name":"Anne de Mascarel","article_publisher":"https:\/\/www.facebook.com\/ademascarel\/","article_modified_time":"2025-11-16T09:51:20+00:00","og_image":[{"width":1835,"height":2135,"url":"https:\/\/ademascarel.fr\/wp-content\/uploads\/2025\/06\/20250516_191704-e1756830333471.jpg","type":"image\/jpeg"}],"twitter_card":"summary_large_image","twitter_misc":{"Dur\u00e9e de lecture estim\u00e9e":"1 minute"},"schema":{"@context":"https:\/\/schema.org","@graph":[{"@type":"WebPage","@id":"https:\/\/ademascarel.fr\/index.php\/product\/cf-chain-of-fools-virginia\/","url":"https:\/\/ademascarel.fr\/index.php\/product\/cf-chain-of-fools-virginia\/","name":"CF - Chains of fools \/ Braque &#8211; Anne de Mascarel","isPartOf":{"@id":"https:\/\/ademascarel.fr\/#website"},"primaryImageOfPage":{"@id":"https:\/\/ademascarel.fr\/index.php\/product\/cf-chain-of-fools-virginia\/#primaryimage"},"image":{"@id":"https:\/\/ademascarel.fr\/index.php\/product\/cf-chain-of-fools-virginia\/#primaryimage"},"thumbnailUrl":"https:\/\/ademascarel.fr\/wp-content\/uploads\/2025\/06\/20250516_191704-e1756830333471.jpg","datePublished":"2025-06-01T15:56:01+00:00","dateModified":"2025-11-16T09:51:20+00:00","breadcrumb":{"@id":"https:\/\/ademascarel.fr\/index.php\/product\/cf-chain-of-fools-virginia\/#breadcrumb"},"inLanguage":"fr-FR","potentialAction":[{"@type":"ReadAction","target":["https:\/\/ademascarel.fr\/index.php\/product\/cf-chain-of-fools-virginia\/"]}]},{"@type":"ImageObject","inLanguage":"fr-FR","@id":"https:\/\/ademascarel.fr\/index.php\/product\/cf-chain-of-fools-virginia\/#primaryimage","url":"https:\/\/ademascarel.fr\/wp-content\/uploads\/2025\/06\/20250516_191704-e1756830333471.jpg","contentUrl":"https:\/\/ademascarel.fr\/wp-content\/uploads\/2025\/06\/20250516_191704-e1756830333471.jpg","width":1835,"height":2135},{"@type":"BreadcrumbList","@id":"https:\/\/ademascarel.fr\/index.php\/product\/cf-chain-of-fools-virginia\/#breadcrumb","itemListElement":[{"@type":"ListItem","position":1,"name":"Accueil","item":"https:\/\/ademascarel.fr\/"},{"@type":"ListItem","position":2,"name":"Shop","item":"https:\/\/ademascarel.fr\/index.php\/shop-tout\/"},{"@type":"ListItem","position":3,"name":"CF &#8211; Chains of fools \/ Braque"}]},{"@type":"WebSite","@id":"https:\/\/ademascarel.fr\/#website","url":"https:\/\/ademascarel.fr\/","name":"Anne-de-Mascarel","description":"B I J O U X","publisher":{"@id":"https:\/\/ademascarel.fr\/#organization"},"potentialAction":[{"@type":"SearchAction","target":{"@type":"EntryPoint","urlTemplate":"https:\/\/ademascarel.fr\/?s={search_term_string}"},"query-input":{"@type":"PropertyValueSpecification","valueRequired":true,"valueName":"search_term_string"}}],"inLanguage":"fr-FR"},{"@type":"Organization","@id":"https:\/\/ademascarel.fr\/#organization","name":"Anne de Mascarel","url":"https:\/\/ademascarel.fr\/","logo":{"@type":"ImageObject","inLanguage":"fr-FR","@id":"https:\/\/ademascarel.fr\/#\/schema\/logo\/image\/","url":"http:\/\/ademascarel.fr\/wp-content\/uploads\/2021\/02\/cropped-Screenshot-2021-02-01-at-19.09.26.png","contentUrl":"http:\/\/ademascarel.fr\/wp-content\/uploads\/2021\/02\/cropped-Screenshot-2021-02-01-at-19.09.26.png","width":512,"height":512,"caption":"Anne de Mascarel"},"image":{"@id":"https:\/\/ademascarel.fr\/#\/schema\/logo\/image\/"},"sameAs":["https:\/\/www.facebook.com\/ademascarel\/","https:\/\/www.instagram.com\/ademascarel\/"]}]}},"_links":{"self":[{"href":"https:\/\/ademascarel.fr\/index.php\/wp-json\/wp\/v2\/product\/7452","targetHints":{"allow":["GET"]}}],"collection":[{"href":"https:\/\/ademascarel.fr\/index.php\/wp-json\/wp\/v2\/product"}],"about":[{"href":"https:\/\/ademascarel.fr\/index.php\/wp-json\/wp\/v2\/types\/product"}],"wp:featuredmedia":[{"embeddable":true,"href":"https:\/\/ademascarel.fr\/index.php\/wp-json\/wp\/v2\/media\/7454"}],"wp:attachment":[{"href":"https:\/\/ademascarel.fr\/index.php\/wp-json\/wp\/v2\/media?parent=7452"}],"wp:term":[{"taxonomy":"product_brand","embeddable":true,"href":"https:\/\/ademascarel.fr\/index.php\/wp-json\/wp\/v2\/product_brand?post=7452"},{"taxonomy":"product_cat","embeddable":true,"href":"https:\/\/ademascarel.fr\/index.php\/wp-json\/wp\/v2\/product_cat?post=7452"},{"taxonomy":"product_tag","embeddable":true,"href":"https:\/\/ademascarel.fr\/index.php\/wp-json\/wp\/v2\/product_tag?post=7452"}],"curies":[{"name":"wp","href":"https:\/\/api.w.org\/{rel}","templated":true}]}}