{"id":6996,"date":"2024-12-27T17:50:46","date_gmt":"2024-12-27T17:50:46","guid":{"rendered":"https:\/\/ademascarel.fr\/?post_type=product&#038;p=6996"},"modified":"2025-09-04T17:37:35","modified_gmt":"2025-09-04T17:37:35","slug":"2523","status":"publish","type":"product","link":"https:\/\/ademascarel.fr\/index.php\/product\/2523\/","title":{"rendered":"CF &#8211; H\u00e9ritage \/ Op\u00e9ra"},"content":{"rendered":"","protected":false},"excerpt":{"rendered":"<p>Double chaine en m\u00e9tal l\u00e9ger noir supportant un pendentif ovale de petites perles de cristal beige mont\u00e9es sur une armature fine en m\u00e9tal dor\u00e9 (45mm x 30mm)<\/p>\n","protected":false},"featured_media":6936,"template":"","meta":[],"product_brand":[],"product_cat":[666,670],"product_tag":[687,686],"class_list":{"0":"post-6996","1":"product","2":"type-product","3":"status-publish","4":"has-post-thumbnail","6":"product_cat-colliers-2","7":"product_cat-heritage","8":"product_tag-colliers","9":"product_tag-femme","11":"first","12":"instock","13":"shipping-taxable","14":"purchasable","15":"product-type-simple"},"yoast_head":"<!-- This site is optimized with the Yoast SEO plugin v27.3 - https:\/\/yoast.com\/product\/yoast-seo-wordpress\/ -->\n<title>CF - H\u00e9ritage \/ Op\u00e9ra &#8211; Anne de Mascarel<\/title>\n<meta name=\"robots\" content=\"index, follow, max-snippet:-1, max-image-preview:large, max-video-preview:-1\" \/>\n<link rel=\"canonical\" href=\"https:\/\/ademascarel.fr\/index.php\/product\/2523\/\" \/>\n<meta property=\"og:locale\" content=\"fr_FR\" \/>\n<meta property=\"og:type\" content=\"article\" \/>\n<meta property=\"og:title\" content=\"CF - H\u00e9ritage \/ Op\u00e9ra &#8211; Anne de Mascarel\" \/>\n<meta property=\"og:description\" content=\"Double chaine en m\u00e9tal l\u00e9ger noir supportant un pendentif ovale de petites perles de cristal beige mont\u00e9es sur une armature fine en m\u00e9tal dor\u00e9 (45mm x 30mm)\" \/>\n<meta property=\"og:url\" content=\"https:\/\/ademascarel.fr\/index.php\/product\/2523\/\" \/>\n<meta property=\"og:site_name\" content=\"Anne de Mascarel\" \/>\n<meta property=\"article:publisher\" content=\"https:\/\/www.facebook.com\/ademascarel\/\" \/>\n<meta property=\"article:modified_time\" content=\"2025-09-04T17:37:35+00:00\" \/>\n<meta property=\"og:image\" content=\"https:\/\/ademascarel.fr\/wp-content\/uploads\/2024\/12\/IMG_20241209_212029_edit_20793432992139-scaled-e1756828853198.jpg\" \/>\n\t<meta property=\"og:image:width\" content=\"2154\" \/>\n\t<meta property=\"og:image:height\" content=\"2368\" \/>\n\t<meta property=\"og:image:type\" content=\"image\/jpeg\" \/>\n<meta name=\"twitter:card\" content=\"summary_large_image\" \/>\n<meta name=\"twitter:label1\" content=\"Dur\u00e9e de lecture estim\u00e9e\" \/>\n\t<meta name=\"twitter:data1\" content=\"1 minute\" \/>\n<script type=\"application\/ld+json\" class=\"yoast-schema-graph\">{\"@context\":\"https:\\\/\\\/schema.org\",\"@graph\":[{\"@type\":\"WebPage\",\"@id\":\"https:\\\/\\\/ademascarel.fr\\\/index.php\\\/product\\\/2523\\\/\",\"url\":\"https:\\\/\\\/ademascarel.fr\\\/index.php\\\/product\\\/2523\\\/\",\"name\":\"CF - H\u00e9ritage \\\/ Op\u00e9ra &#8211; Anne de Mascarel\",\"isPartOf\":{\"@id\":\"https:\\\/\\\/ademascarel.fr\\\/#website\"},\"primaryImageOfPage\":{\"@id\":\"https:\\\/\\\/ademascarel.fr\\\/index.php\\\/product\\\/2523\\\/#primaryimage\"},\"image\":{\"@id\":\"https:\\\/\\\/ademascarel.fr\\\/index.php\\\/product\\\/2523\\\/#primaryimage\"},\"thumbnailUrl\":\"https:\\\/\\\/ademascarel.fr\\\/wp-content\\\/uploads\\\/2024\\\/12\\\/IMG_20241209_212029_edit_20793432992139-scaled-e1756828853198.jpg\",\"datePublished\":\"2024-12-27T17:50:46+00:00\",\"dateModified\":\"2025-09-04T17:37:35+00:00\",\"breadcrumb\":{\"@id\":\"https:\\\/\\\/ademascarel.fr\\\/index.php\\\/product\\\/2523\\\/#breadcrumb\"},\"inLanguage\":\"fr-FR\",\"potentialAction\":[{\"@type\":\"ReadAction\",\"target\":[\"https:\\\/\\\/ademascarel.fr\\\/index.php\\\/product\\\/2523\\\/\"]}]},{\"@type\":\"ImageObject\",\"inLanguage\":\"fr-FR\",\"@id\":\"https:\\\/\\\/ademascarel.fr\\\/index.php\\\/product\\\/2523\\\/#primaryimage\",\"url\":\"https:\\\/\\\/ademascarel.fr\\\/wp-content\\\/uploads\\\/2024\\\/12\\\/IMG_20241209_212029_edit_20793432992139-scaled-e1756828853198.jpg\",\"contentUrl\":\"https:\\\/\\\/ademascarel.fr\\\/wp-content\\\/uploads\\\/2024\\\/12\\\/IMG_20241209_212029_edit_20793432992139-scaled-e1756828853198.jpg\",\"width\":2154,\"height\":2368,\"caption\":\"dav\"},{\"@type\":\"BreadcrumbList\",\"@id\":\"https:\\\/\\\/ademascarel.fr\\\/index.php\\\/product\\\/2523\\\/#breadcrumb\",\"itemListElement\":[{\"@type\":\"ListItem\",\"position\":1,\"name\":\"Accueil\",\"item\":\"https:\\\/\\\/ademascarel.fr\\\/\"},{\"@type\":\"ListItem\",\"position\":2,\"name\":\"Shop\",\"item\":\"https:\\\/\\\/ademascarel.fr\\\/index.php\\\/shop-tout\\\/\"},{\"@type\":\"ListItem\",\"position\":3,\"name\":\"CF &#8211; H\u00e9ritage \\\/ Op\u00e9ra\"}]},{\"@type\":\"WebSite\",\"@id\":\"https:\\\/\\\/ademascarel.fr\\\/#website\",\"url\":\"https:\\\/\\\/ademascarel.fr\\\/\",\"name\":\"Anne-de-Mascarel\",\"description\":\"B I J O U X\",\"publisher\":{\"@id\":\"https:\\\/\\\/ademascarel.fr\\\/#organization\"},\"potentialAction\":[{\"@type\":\"SearchAction\",\"target\":{\"@type\":\"EntryPoint\",\"urlTemplate\":\"https:\\\/\\\/ademascarel.fr\\\/?s={search_term_string}\"},\"query-input\":{\"@type\":\"PropertyValueSpecification\",\"valueRequired\":true,\"valueName\":\"search_term_string\"}}],\"inLanguage\":\"fr-FR\"},{\"@type\":\"Organization\",\"@id\":\"https:\\\/\\\/ademascarel.fr\\\/#organization\",\"name\":\"Anne de Mascarel\",\"url\":\"https:\\\/\\\/ademascarel.fr\\\/\",\"logo\":{\"@type\":\"ImageObject\",\"inLanguage\":\"fr-FR\",\"@id\":\"https:\\\/\\\/ademascarel.fr\\\/#\\\/schema\\\/logo\\\/image\\\/\",\"url\":\"http:\\\/\\\/ademascarel.fr\\\/wp-content\\\/uploads\\\/2021\\\/02\\\/cropped-Screenshot-2021-02-01-at-19.09.26.png\",\"contentUrl\":\"http:\\\/\\\/ademascarel.fr\\\/wp-content\\\/uploads\\\/2021\\\/02\\\/cropped-Screenshot-2021-02-01-at-19.09.26.png\",\"width\":512,\"height\":512,\"caption\":\"Anne de Mascarel\"},\"image\":{\"@id\":\"https:\\\/\\\/ademascarel.fr\\\/#\\\/schema\\\/logo\\\/image\\\/\"},\"sameAs\":[\"https:\\\/\\\/www.facebook.com\\\/ademascarel\\\/\",\"https:\\\/\\\/www.instagram.com\\\/ademascarel\\\/\"]}]}<\/script>\n<!-- \/ Yoast SEO plugin. -->","yoast_head_json":{"title":"CF - H\u00e9ritage \/ Op\u00e9ra &#8211; Anne de Mascarel","robots":{"index":"index","follow":"follow","max-snippet":"max-snippet:-1","max-image-preview":"max-image-preview:large","max-video-preview":"max-video-preview:-1"},"canonical":"https:\/\/ademascarel.fr\/index.php\/product\/2523\/","og_locale":"fr_FR","og_type":"article","og_title":"CF - H\u00e9ritage \/ Op\u00e9ra &#8211; Anne de Mascarel","og_description":"Double chaine en m\u00e9tal l\u00e9ger noir supportant un pendentif ovale de petites perles de cristal beige mont\u00e9es sur une armature fine en m\u00e9tal dor\u00e9 (45mm x 30mm)","og_url":"https:\/\/ademascarel.fr\/index.php\/product\/2523\/","og_site_name":"Anne de Mascarel","article_publisher":"https:\/\/www.facebook.com\/ademascarel\/","article_modified_time":"2025-09-04T17:37:35+00:00","og_image":[{"width":2154,"height":2368,"url":"https:\/\/ademascarel.fr\/wp-content\/uploads\/2024\/12\/IMG_20241209_212029_edit_20793432992139-scaled-e1756828853198.jpg","type":"image\/jpeg"}],"twitter_card":"summary_large_image","twitter_misc":{"Dur\u00e9e de lecture estim\u00e9e":"1 minute"},"schema":{"@context":"https:\/\/schema.org","@graph":[{"@type":"WebPage","@id":"https:\/\/ademascarel.fr\/index.php\/product\/2523\/","url":"https:\/\/ademascarel.fr\/index.php\/product\/2523\/","name":"CF - H\u00e9ritage \/ Op\u00e9ra &#8211; Anne de Mascarel","isPartOf":{"@id":"https:\/\/ademascarel.fr\/#website"},"primaryImageOfPage":{"@id":"https:\/\/ademascarel.fr\/index.php\/product\/2523\/#primaryimage"},"image":{"@id":"https:\/\/ademascarel.fr\/index.php\/product\/2523\/#primaryimage"},"thumbnailUrl":"https:\/\/ademascarel.fr\/wp-content\/uploads\/2024\/12\/IMG_20241209_212029_edit_20793432992139-scaled-e1756828853198.jpg","datePublished":"2024-12-27T17:50:46+00:00","dateModified":"2025-09-04T17:37:35+00:00","breadcrumb":{"@id":"https:\/\/ademascarel.fr\/index.php\/product\/2523\/#breadcrumb"},"inLanguage":"fr-FR","potentialAction":[{"@type":"ReadAction","target":["https:\/\/ademascarel.fr\/index.php\/product\/2523\/"]}]},{"@type":"ImageObject","inLanguage":"fr-FR","@id":"https:\/\/ademascarel.fr\/index.php\/product\/2523\/#primaryimage","url":"https:\/\/ademascarel.fr\/wp-content\/uploads\/2024\/12\/IMG_20241209_212029_edit_20793432992139-scaled-e1756828853198.jpg","contentUrl":"https:\/\/ademascarel.fr\/wp-content\/uploads\/2024\/12\/IMG_20241209_212029_edit_20793432992139-scaled-e1756828853198.jpg","width":2154,"height":2368,"caption":"dav"},{"@type":"BreadcrumbList","@id":"https:\/\/ademascarel.fr\/index.php\/product\/2523\/#breadcrumb","itemListElement":[{"@type":"ListItem","position":1,"name":"Accueil","item":"https:\/\/ademascarel.fr\/"},{"@type":"ListItem","position":2,"name":"Shop","item":"https:\/\/ademascarel.fr\/index.php\/shop-tout\/"},{"@type":"ListItem","position":3,"name":"CF &#8211; H\u00e9ritage \/ Op\u00e9ra"}]},{"@type":"WebSite","@id":"https:\/\/ademascarel.fr\/#website","url":"https:\/\/ademascarel.fr\/","name":"Anne-de-Mascarel","description":"B I J O U X","publisher":{"@id":"https:\/\/ademascarel.fr\/#organization"},"potentialAction":[{"@type":"SearchAction","target":{"@type":"EntryPoint","urlTemplate":"https:\/\/ademascarel.fr\/?s={search_term_string}"},"query-input":{"@type":"PropertyValueSpecification","valueRequired":true,"valueName":"search_term_string"}}],"inLanguage":"fr-FR"},{"@type":"Organization","@id":"https:\/\/ademascarel.fr\/#organization","name":"Anne de Mascarel","url":"https:\/\/ademascarel.fr\/","logo":{"@type":"ImageObject","inLanguage":"fr-FR","@id":"https:\/\/ademascarel.fr\/#\/schema\/logo\/image\/","url":"http:\/\/ademascarel.fr\/wp-content\/uploads\/2021\/02\/cropped-Screenshot-2021-02-01-at-19.09.26.png","contentUrl":"http:\/\/ademascarel.fr\/wp-content\/uploads\/2021\/02\/cropped-Screenshot-2021-02-01-at-19.09.26.png","width":512,"height":512,"caption":"Anne de Mascarel"},"image":{"@id":"https:\/\/ademascarel.fr\/#\/schema\/logo\/image\/"},"sameAs":["https:\/\/www.facebook.com\/ademascarel\/","https:\/\/www.instagram.com\/ademascarel\/"]}]}},"_links":{"self":[{"href":"https:\/\/ademascarel.fr\/index.php\/wp-json\/wp\/v2\/product\/6996","targetHints":{"allow":["GET"]}}],"collection":[{"href":"https:\/\/ademascarel.fr\/index.php\/wp-json\/wp\/v2\/product"}],"about":[{"href":"https:\/\/ademascarel.fr\/index.php\/wp-json\/wp\/v2\/types\/product"}],"wp:featuredmedia":[{"embeddable":true,"href":"https:\/\/ademascarel.fr\/index.php\/wp-json\/wp\/v2\/media\/6936"}],"wp:attachment":[{"href":"https:\/\/ademascarel.fr\/index.php\/wp-json\/wp\/v2\/media?parent=6996"}],"wp:term":[{"taxonomy":"product_brand","embeddable":true,"href":"https:\/\/ademascarel.fr\/index.php\/wp-json\/wp\/v2\/product_brand?post=6996"},{"taxonomy":"product_cat","embeddable":true,"href":"https:\/\/ademascarel.fr\/index.php\/wp-json\/wp\/v2\/product_cat?post=6996"},{"taxonomy":"product_tag","embeddable":true,"href":"https:\/\/ademascarel.fr\/index.php\/wp-json\/wp\/v2\/product_tag?post=6996"}],"curies":[{"name":"wp","href":"https:\/\/api.w.org\/{rel}","templated":true}]}}