{"id":6559,"date":"2024-02-28T15:07:08","date_gmt":"2024-02-28T15:07:08","guid":{"rendered":"http:\/\/ademascarel.fr\/?post_type=product&#038;p=6559"},"modified":"2025-11-16T09:56:35","modified_gmt":"2025-11-16T09:56:35","slug":"2476-bo","status":"publish","type":"product","link":"https:\/\/ademascarel.fr\/index.php\/product\/2476-bo\/","title":{"rendered":"BO -Chains of fools \/ Bonnard"},"content":{"rendered":"","protected":false},"excerpt":{"rendered":"<p>Boucles d&rsquo;oreilles compos\u00e9es d&rsquo;une perle octogonale en cristal taill\u00e9 bleu vif translucide, perc\u00e9e d&rsquo;un clou plaqu\u00e9 or mat. Mont\u00e9e sur une chaine for\u00e7at, maillons ovales en acier dor\u00e9 ainsi que le fermoir crochet.<\/p>\n<p>Perle cristal \u00a01,5 x 1,5<\/p>\n<p>Hauteur 5,5 cm<\/p>\n","protected":false},"featured_media":6560,"template":"","meta":[],"product_brand":[],"product_cat":[663,701],"product_tag":[693,686],"class_list":{"0":"post-6559","1":"product","2":"type-product","3":"status-publish","4":"has-post-thumbnail","6":"product_cat-boucles-doreille","7":"product_cat-chains-of-fools","8":"product_tag-boucle-doreilles","9":"product_tag-femme","11":"first","12":"instock","13":"shipping-taxable","14":"purchasable","15":"product-type-simple"},"yoast_head":"<!-- This site is optimized with the Yoast SEO plugin v27.6 - https:\/\/yoast.com\/product\/yoast-seo-wordpress\/ -->\n<title>BO -Chains of fools \/ Bonnard &#8211; Anne de Mascarel<\/title>\n<meta name=\"robots\" content=\"index, follow, max-snippet:-1, max-image-preview:large, max-video-preview:-1\" \/>\n<link rel=\"canonical\" href=\"https:\/\/ademascarel.fr\/index.php\/product\/2476-bo\/\" \/>\n<meta property=\"og:locale\" content=\"fr_FR\" \/>\n<meta property=\"og:type\" content=\"article\" \/>\n<meta property=\"og:title\" content=\"BO -Chains of fools \/ Bonnard &#8211; Anne de Mascarel\" \/>\n<meta property=\"og:description\" content=\"Boucles d&#039;oreilles compos\u00e9es d&#039;une perle octogonale en cristal taill\u00e9 bleu vif translucide, perc\u00e9e d&#039;un clou plaqu\u00e9 or mat. Mont\u00e9e sur une chaine for\u00e7at, maillons ovales en acier dor\u00e9 ainsi que le fermoir crochet.  Perle cristal \u00a01,5 x 1,5  Hauteur 5,5 cm\" \/>\n<meta property=\"og:url\" content=\"https:\/\/ademascarel.fr\/index.php\/product\/2476-bo\/\" \/>\n<meta property=\"og:site_name\" content=\"Anne de Mascarel\" \/>\n<meta property=\"article:publisher\" content=\"https:\/\/www.facebook.com\/ademascarel\/\" \/>\n<meta property=\"article:modified_time\" content=\"2025-11-16T09:56:35+00:00\" \/>\n<meta property=\"og:image\" content=\"https:\/\/ademascarel.fr\/wp-content\/uploads\/2024\/02\/IMG_20240227_191220_edit_6749666176052-scaled-e1756748075818.jpg\" \/>\n\t<meta property=\"og:image:width\" content=\"1920\" \/>\n\t<meta property=\"og:image:height\" content=\"2163\" \/>\n\t<meta property=\"og:image:type\" content=\"image\/jpeg\" \/>\n<meta name=\"twitter:card\" content=\"summary_large_image\" \/>\n<meta name=\"twitter:label1\" content=\"Dur\u00e9e de lecture estim\u00e9e\" \/>\n\t<meta name=\"twitter:data1\" content=\"1 minute\" \/>\n<script type=\"application\/ld+json\" class=\"yoast-schema-graph\">{\"@context\":\"https:\\\/\\\/schema.org\",\"@graph\":[{\"@type\":\"WebPage\",\"@id\":\"https:\\\/\\\/ademascarel.fr\\\/index.php\\\/product\\\/2476-bo\\\/\",\"url\":\"https:\\\/\\\/ademascarel.fr\\\/index.php\\\/product\\\/2476-bo\\\/\",\"name\":\"BO -Chains of fools \\\/ Bonnard &#8211; Anne de Mascarel\",\"isPartOf\":{\"@id\":\"https:\\\/\\\/ademascarel.fr\\\/#website\"},\"primaryImageOfPage\":{\"@id\":\"https:\\\/\\\/ademascarel.fr\\\/index.php\\\/product\\\/2476-bo\\\/#primaryimage\"},\"image\":{\"@id\":\"https:\\\/\\\/ademascarel.fr\\\/index.php\\\/product\\\/2476-bo\\\/#primaryimage\"},\"thumbnailUrl\":\"https:\\\/\\\/ademascarel.fr\\\/wp-content\\\/uploads\\\/2024\\\/02\\\/IMG_20240227_191220_edit_6749666176052-scaled-e1756748075818.jpg\",\"datePublished\":\"2024-02-28T15:07:08+00:00\",\"dateModified\":\"2025-11-16T09:56:35+00:00\",\"breadcrumb\":{\"@id\":\"https:\\\/\\\/ademascarel.fr\\\/index.php\\\/product\\\/2476-bo\\\/#breadcrumb\"},\"inLanguage\":\"fr-FR\",\"potentialAction\":[{\"@type\":\"ReadAction\",\"target\":[\"https:\\\/\\\/ademascarel.fr\\\/index.php\\\/product\\\/2476-bo\\\/\"]}]},{\"@type\":\"ImageObject\",\"inLanguage\":\"fr-FR\",\"@id\":\"https:\\\/\\\/ademascarel.fr\\\/index.php\\\/product\\\/2476-bo\\\/#primaryimage\",\"url\":\"https:\\\/\\\/ademascarel.fr\\\/wp-content\\\/uploads\\\/2024\\\/02\\\/IMG_20240227_191220_edit_6749666176052-scaled-e1756748075818.jpg\",\"contentUrl\":\"https:\\\/\\\/ademascarel.fr\\\/wp-content\\\/uploads\\\/2024\\\/02\\\/IMG_20240227_191220_edit_6749666176052-scaled-e1756748075818.jpg\",\"width\":1920,\"height\":2163,\"caption\":\"oznorMB\"},{\"@type\":\"BreadcrumbList\",\"@id\":\"https:\\\/\\\/ademascarel.fr\\\/index.php\\\/product\\\/2476-bo\\\/#breadcrumb\",\"itemListElement\":[{\"@type\":\"ListItem\",\"position\":1,\"name\":\"Accueil\",\"item\":\"https:\\\/\\\/ademascarel.fr\\\/\"},{\"@type\":\"ListItem\",\"position\":2,\"name\":\"Shop\",\"item\":\"https:\\\/\\\/ademascarel.fr\\\/index.php\\\/shop-tout\\\/\"},{\"@type\":\"ListItem\",\"position\":3,\"name\":\"BO -Chains of fools \\\/ Bonnard\"}]},{\"@type\":\"WebSite\",\"@id\":\"https:\\\/\\\/ademascarel.fr\\\/#website\",\"url\":\"https:\\\/\\\/ademascarel.fr\\\/\",\"name\":\"Anne-de-Mascarel\",\"description\":\"B I J O U X\",\"publisher\":{\"@id\":\"https:\\\/\\\/ademascarel.fr\\\/#organization\"},\"potentialAction\":[{\"@type\":\"SearchAction\",\"target\":{\"@type\":\"EntryPoint\",\"urlTemplate\":\"https:\\\/\\\/ademascarel.fr\\\/?s={search_term_string}\"},\"query-input\":{\"@type\":\"PropertyValueSpecification\",\"valueRequired\":true,\"valueName\":\"search_term_string\"}}],\"inLanguage\":\"fr-FR\"},{\"@type\":\"Organization\",\"@id\":\"https:\\\/\\\/ademascarel.fr\\\/#organization\",\"name\":\"Anne de Mascarel\",\"url\":\"https:\\\/\\\/ademascarel.fr\\\/\",\"logo\":{\"@type\":\"ImageObject\",\"inLanguage\":\"fr-FR\",\"@id\":\"https:\\\/\\\/ademascarel.fr\\\/#\\\/schema\\\/logo\\\/image\\\/\",\"url\":\"http:\\\/\\\/ademascarel.fr\\\/wp-content\\\/uploads\\\/2021\\\/02\\\/cropped-Screenshot-2021-02-01-at-19.09.26.png\",\"contentUrl\":\"http:\\\/\\\/ademascarel.fr\\\/wp-content\\\/uploads\\\/2021\\\/02\\\/cropped-Screenshot-2021-02-01-at-19.09.26.png\",\"width\":512,\"height\":512,\"caption\":\"Anne de Mascarel\"},\"image\":{\"@id\":\"https:\\\/\\\/ademascarel.fr\\\/#\\\/schema\\\/logo\\\/image\\\/\"},\"sameAs\":[\"https:\\\/\\\/www.facebook.com\\\/ademascarel\\\/\",\"https:\\\/\\\/www.instagram.com\\\/ademascarel\\\/\"]}]}<\/script>\n<!-- \/ Yoast SEO plugin. -->","yoast_head_json":{"title":"BO -Chains of fools \/ Bonnard &#8211; Anne de Mascarel","robots":{"index":"index","follow":"follow","max-snippet":"max-snippet:-1","max-image-preview":"max-image-preview:large","max-video-preview":"max-video-preview:-1"},"canonical":"https:\/\/ademascarel.fr\/index.php\/product\/2476-bo\/","og_locale":"fr_FR","og_type":"article","og_title":"BO -Chains of fools \/ Bonnard &#8211; Anne de Mascarel","og_description":"Boucles d'oreilles compos\u00e9es d'une perle octogonale en cristal taill\u00e9 bleu vif translucide, perc\u00e9e d'un clou plaqu\u00e9 or mat. Mont\u00e9e sur une chaine for\u00e7at, maillons ovales en acier dor\u00e9 ainsi que le fermoir crochet.  Perle cristal \u00a01,5 x 1,5  Hauteur 5,5 cm","og_url":"https:\/\/ademascarel.fr\/index.php\/product\/2476-bo\/","og_site_name":"Anne de Mascarel","article_publisher":"https:\/\/www.facebook.com\/ademascarel\/","article_modified_time":"2025-11-16T09:56:35+00:00","og_image":[{"width":1920,"height":2163,"url":"https:\/\/ademascarel.fr\/wp-content\/uploads\/2024\/02\/IMG_20240227_191220_edit_6749666176052-scaled-e1756748075818.jpg","type":"image\/jpeg"}],"twitter_card":"summary_large_image","twitter_misc":{"Dur\u00e9e de lecture estim\u00e9e":"1 minute"},"schema":{"@context":"https:\/\/schema.org","@graph":[{"@type":"WebPage","@id":"https:\/\/ademascarel.fr\/index.php\/product\/2476-bo\/","url":"https:\/\/ademascarel.fr\/index.php\/product\/2476-bo\/","name":"BO -Chains of fools \/ Bonnard &#8211; Anne de Mascarel","isPartOf":{"@id":"https:\/\/ademascarel.fr\/#website"},"primaryImageOfPage":{"@id":"https:\/\/ademascarel.fr\/index.php\/product\/2476-bo\/#primaryimage"},"image":{"@id":"https:\/\/ademascarel.fr\/index.php\/product\/2476-bo\/#primaryimage"},"thumbnailUrl":"https:\/\/ademascarel.fr\/wp-content\/uploads\/2024\/02\/IMG_20240227_191220_edit_6749666176052-scaled-e1756748075818.jpg","datePublished":"2024-02-28T15:07:08+00:00","dateModified":"2025-11-16T09:56:35+00:00","breadcrumb":{"@id":"https:\/\/ademascarel.fr\/index.php\/product\/2476-bo\/#breadcrumb"},"inLanguage":"fr-FR","potentialAction":[{"@type":"ReadAction","target":["https:\/\/ademascarel.fr\/index.php\/product\/2476-bo\/"]}]},{"@type":"ImageObject","inLanguage":"fr-FR","@id":"https:\/\/ademascarel.fr\/index.php\/product\/2476-bo\/#primaryimage","url":"https:\/\/ademascarel.fr\/wp-content\/uploads\/2024\/02\/IMG_20240227_191220_edit_6749666176052-scaled-e1756748075818.jpg","contentUrl":"https:\/\/ademascarel.fr\/wp-content\/uploads\/2024\/02\/IMG_20240227_191220_edit_6749666176052-scaled-e1756748075818.jpg","width":1920,"height":2163,"caption":"oznorMB"},{"@type":"BreadcrumbList","@id":"https:\/\/ademascarel.fr\/index.php\/product\/2476-bo\/#breadcrumb","itemListElement":[{"@type":"ListItem","position":1,"name":"Accueil","item":"https:\/\/ademascarel.fr\/"},{"@type":"ListItem","position":2,"name":"Shop","item":"https:\/\/ademascarel.fr\/index.php\/shop-tout\/"},{"@type":"ListItem","position":3,"name":"BO -Chains of fools \/ Bonnard"}]},{"@type":"WebSite","@id":"https:\/\/ademascarel.fr\/#website","url":"https:\/\/ademascarel.fr\/","name":"Anne-de-Mascarel","description":"B I J O U X","publisher":{"@id":"https:\/\/ademascarel.fr\/#organization"},"potentialAction":[{"@type":"SearchAction","target":{"@type":"EntryPoint","urlTemplate":"https:\/\/ademascarel.fr\/?s={search_term_string}"},"query-input":{"@type":"PropertyValueSpecification","valueRequired":true,"valueName":"search_term_string"}}],"inLanguage":"fr-FR"},{"@type":"Organization","@id":"https:\/\/ademascarel.fr\/#organization","name":"Anne de Mascarel","url":"https:\/\/ademascarel.fr\/","logo":{"@type":"ImageObject","inLanguage":"fr-FR","@id":"https:\/\/ademascarel.fr\/#\/schema\/logo\/image\/","url":"http:\/\/ademascarel.fr\/wp-content\/uploads\/2021\/02\/cropped-Screenshot-2021-02-01-at-19.09.26.png","contentUrl":"http:\/\/ademascarel.fr\/wp-content\/uploads\/2021\/02\/cropped-Screenshot-2021-02-01-at-19.09.26.png","width":512,"height":512,"caption":"Anne de Mascarel"},"image":{"@id":"https:\/\/ademascarel.fr\/#\/schema\/logo\/image\/"},"sameAs":["https:\/\/www.facebook.com\/ademascarel\/","https:\/\/www.instagram.com\/ademascarel\/"]}]}},"_links":{"self":[{"href":"https:\/\/ademascarel.fr\/index.php\/wp-json\/wp\/v2\/product\/6559","targetHints":{"allow":["GET"]}}],"collection":[{"href":"https:\/\/ademascarel.fr\/index.php\/wp-json\/wp\/v2\/product"}],"about":[{"href":"https:\/\/ademascarel.fr\/index.php\/wp-json\/wp\/v2\/types\/product"}],"wp:featuredmedia":[{"embeddable":true,"href":"https:\/\/ademascarel.fr\/index.php\/wp-json\/wp\/v2\/media\/6560"}],"wp:attachment":[{"href":"https:\/\/ademascarel.fr\/index.php\/wp-json\/wp\/v2\/media?parent=6559"}],"wp:term":[{"taxonomy":"product_brand","embeddable":true,"href":"https:\/\/ademascarel.fr\/index.php\/wp-json\/wp\/v2\/product_brand?post=6559"},{"taxonomy":"product_cat","embeddable":true,"href":"https:\/\/ademascarel.fr\/index.php\/wp-json\/wp\/v2\/product_cat?post=6559"},{"taxonomy":"product_tag","embeddable":true,"href":"https:\/\/ademascarel.fr\/index.php\/wp-json\/wp\/v2\/product_tag?post=6559"}],"curies":[{"name":"wp","href":"https:\/\/api.w.org\/{rel}","templated":true}]}}