{"id":6521,"date":"2024-02-26T15:40:44","date_gmt":"2024-02-26T15:40:44","guid":{"rendered":"http:\/\/ademascarel.fr\/?post_type=product&#038;p=6521"},"modified":"2025-09-03T14:15:53","modified_gmt":"2025-09-03T14:15:53","slug":"2467-b-2","status":"publish","type":"product","link":"https:\/\/ademascarel.fr\/index.php\/product\/2467-b-2\/","title":{"rendered":"BF &#8211;  Boho chic \/ Lakm\u00e9 2"},"content":{"rendered":"","protected":false},"excerpt":{"rendered":"<p>Bracelet Boh\u00e8me mont\u00e9 sur \u00e9lastique, compos\u00e9 de perles vintage de nacre, turquoise, bois de coco et de perles du commerce v\u00e9nitien. Les \u00e9changes commerciaux entre l&rsquo;Europe et l&rsquo;Afrique ont fait d\u00e9couvrir des perles locales<\/p>\n<p>Un bracelet tr\u00e8s f\u00e9minin et raffin\u00e9, du fait de l&rsquo;assemblage des couleurs et des mati\u00e8res pourtant oppos\u00e9es.<\/p>\n<p>A porter sans mod\u00e9ration avec les r\u00e9f\u00e9rences<\/p>\n","protected":false},"featured_media":6551,"template":"","meta":[],"product_brand":[],"product_cat":[677,472],"product_tag":[690,686],"class_list":{"0":"post-6521","1":"product","2":"type-product","3":"status-publish","4":"has-post-thumbnail","6":"product_cat-boho-chic","7":"product_cat-bracelet","8":"product_tag-bracelet","9":"product_tag-femme","11":"first","12":"instock","13":"shipping-taxable","14":"purchasable","15":"product-type-simple"},"yoast_head":"<!-- This site is optimized with the Yoast SEO plugin v27.3 - https:\/\/yoast.com\/product\/yoast-seo-wordpress\/ -->\n<title>BF - Boho chic \/ Lakm\u00e9 2 &#8211; Anne de Mascarel<\/title>\n<meta name=\"robots\" content=\"index, follow, max-snippet:-1, max-image-preview:large, max-video-preview:-1\" \/>\n<link rel=\"canonical\" href=\"https:\/\/ademascarel.fr\/index.php\/product\/2467-b-2\/\" \/>\n<meta property=\"og:locale\" content=\"fr_FR\" \/>\n<meta property=\"og:type\" content=\"article\" \/>\n<meta property=\"og:title\" content=\"BF - Boho chic \/ Lakm\u00e9 2 &#8211; Anne de Mascarel\" \/>\n<meta property=\"og:description\" content=\"Bracelet Boh\u00e8me mont\u00e9 sur \u00e9lastique, compos\u00e9 de perles vintage de nacre, turquoise, bois de coco et de perles du commerce v\u00e9nitien. Les \u00e9changes commerciaux entre l&#039;Europe et l&#039;Afrique ont fait d\u00e9couvrir des perles locales  Un bracelet tr\u00e8s f\u00e9minin et raffin\u00e9, du fait de l&#039;assemblage des couleurs et des mati\u00e8res pourtant oppos\u00e9es.  A porter sans mod\u00e9ration avec les r\u00e9f\u00e9rences\" \/>\n<meta property=\"og:url\" content=\"https:\/\/ademascarel.fr\/index.php\/product\/2467-b-2\/\" \/>\n<meta property=\"og:site_name\" content=\"Anne de Mascarel\" \/>\n<meta property=\"article:publisher\" content=\"https:\/\/www.facebook.com\/ademascarel\/\" \/>\n<meta property=\"article:modified_time\" content=\"2025-09-03T14:15:53+00:00\" \/>\n<meta property=\"og:image\" content=\"https:\/\/ademascarel.fr\/wp-content\/uploads\/2024\/02\/IMG_20240227_174844_edit_7495389732189-scaled.jpg\" \/>\n\t<meta property=\"og:image:width\" content=\"2560\" \/>\n\t<meta property=\"og:image:height\" content=\"2343\" \/>\n\t<meta property=\"og:image:type\" content=\"image\/jpeg\" \/>\n<meta name=\"twitter:card\" content=\"summary_large_image\" \/>\n<meta name=\"twitter:label1\" content=\"Dur\u00e9e de lecture estim\u00e9e\" \/>\n\t<meta name=\"twitter:data1\" content=\"1 minute\" \/>\n<script type=\"application\/ld+json\" class=\"yoast-schema-graph\">{\"@context\":\"https:\\\/\\\/schema.org\",\"@graph\":[{\"@type\":\"WebPage\",\"@id\":\"https:\\\/\\\/ademascarel.fr\\\/index.php\\\/product\\\/2467-b-2\\\/\",\"url\":\"https:\\\/\\\/ademascarel.fr\\\/index.php\\\/product\\\/2467-b-2\\\/\",\"name\":\"BF - Boho chic \\\/ Lakm\u00e9 2 &#8211; Anne de Mascarel\",\"isPartOf\":{\"@id\":\"https:\\\/\\\/ademascarel.fr\\\/#website\"},\"primaryImageOfPage\":{\"@id\":\"https:\\\/\\\/ademascarel.fr\\\/index.php\\\/product\\\/2467-b-2\\\/#primaryimage\"},\"image\":{\"@id\":\"https:\\\/\\\/ademascarel.fr\\\/index.php\\\/product\\\/2467-b-2\\\/#primaryimage\"},\"thumbnailUrl\":\"https:\\\/\\\/ademascarel.fr\\\/wp-content\\\/uploads\\\/2024\\\/02\\\/IMG_20240227_174844_edit_7495389732189-scaled.jpg\",\"datePublished\":\"2024-02-26T15:40:44+00:00\",\"dateModified\":\"2025-09-03T14:15:53+00:00\",\"breadcrumb\":{\"@id\":\"https:\\\/\\\/ademascarel.fr\\\/index.php\\\/product\\\/2467-b-2\\\/#breadcrumb\"},\"inLanguage\":\"fr-FR\",\"potentialAction\":[{\"@type\":\"ReadAction\",\"target\":[\"https:\\\/\\\/ademascarel.fr\\\/index.php\\\/product\\\/2467-b-2\\\/\"]}]},{\"@type\":\"ImageObject\",\"inLanguage\":\"fr-FR\",\"@id\":\"https:\\\/\\\/ademascarel.fr\\\/index.php\\\/product\\\/2467-b-2\\\/#primaryimage\",\"url\":\"https:\\\/\\\/ademascarel.fr\\\/wp-content\\\/uploads\\\/2024\\\/02\\\/IMG_20240227_174844_edit_7495389732189-scaled.jpg\",\"contentUrl\":\"https:\\\/\\\/ademascarel.fr\\\/wp-content\\\/uploads\\\/2024\\\/02\\\/IMG_20240227_174844_edit_7495389732189-scaled.jpg\",\"width\":2560,\"height\":2343,\"caption\":\"oznorMB\"},{\"@type\":\"BreadcrumbList\",\"@id\":\"https:\\\/\\\/ademascarel.fr\\\/index.php\\\/product\\\/2467-b-2\\\/#breadcrumb\",\"itemListElement\":[{\"@type\":\"ListItem\",\"position\":1,\"name\":\"Accueil\",\"item\":\"https:\\\/\\\/ademascarel.fr\\\/\"},{\"@type\":\"ListItem\",\"position\":2,\"name\":\"Shop\",\"item\":\"https:\\\/\\\/ademascarel.fr\\\/index.php\\\/shop-tout\\\/\"},{\"@type\":\"ListItem\",\"position\":3,\"name\":\"BF &#8211; Boho chic \\\/ Lakm\u00e9 2\"}]},{\"@type\":\"WebSite\",\"@id\":\"https:\\\/\\\/ademascarel.fr\\\/#website\",\"url\":\"https:\\\/\\\/ademascarel.fr\\\/\",\"name\":\"Anne-de-Mascarel\",\"description\":\"B I J O U X\",\"publisher\":{\"@id\":\"https:\\\/\\\/ademascarel.fr\\\/#organization\"},\"potentialAction\":[{\"@type\":\"SearchAction\",\"target\":{\"@type\":\"EntryPoint\",\"urlTemplate\":\"https:\\\/\\\/ademascarel.fr\\\/?s={search_term_string}\"},\"query-input\":{\"@type\":\"PropertyValueSpecification\",\"valueRequired\":true,\"valueName\":\"search_term_string\"}}],\"inLanguage\":\"fr-FR\"},{\"@type\":\"Organization\",\"@id\":\"https:\\\/\\\/ademascarel.fr\\\/#organization\",\"name\":\"Anne de Mascarel\",\"url\":\"https:\\\/\\\/ademascarel.fr\\\/\",\"logo\":{\"@type\":\"ImageObject\",\"inLanguage\":\"fr-FR\",\"@id\":\"https:\\\/\\\/ademascarel.fr\\\/#\\\/schema\\\/logo\\\/image\\\/\",\"url\":\"http:\\\/\\\/ademascarel.fr\\\/wp-content\\\/uploads\\\/2021\\\/02\\\/cropped-Screenshot-2021-02-01-at-19.09.26.png\",\"contentUrl\":\"http:\\\/\\\/ademascarel.fr\\\/wp-content\\\/uploads\\\/2021\\\/02\\\/cropped-Screenshot-2021-02-01-at-19.09.26.png\",\"width\":512,\"height\":512,\"caption\":\"Anne de Mascarel\"},\"image\":{\"@id\":\"https:\\\/\\\/ademascarel.fr\\\/#\\\/schema\\\/logo\\\/image\\\/\"},\"sameAs\":[\"https:\\\/\\\/www.facebook.com\\\/ademascarel\\\/\",\"https:\\\/\\\/www.instagram.com\\\/ademascarel\\\/\"]}]}<\/script>\n<!-- \/ Yoast SEO plugin. -->","yoast_head_json":{"title":"BF - Boho chic \/ Lakm\u00e9 2 &#8211; Anne de Mascarel","robots":{"index":"index","follow":"follow","max-snippet":"max-snippet:-1","max-image-preview":"max-image-preview:large","max-video-preview":"max-video-preview:-1"},"canonical":"https:\/\/ademascarel.fr\/index.php\/product\/2467-b-2\/","og_locale":"fr_FR","og_type":"article","og_title":"BF - Boho chic \/ Lakm\u00e9 2 &#8211; Anne de Mascarel","og_description":"Bracelet Boh\u00e8me mont\u00e9 sur \u00e9lastique, compos\u00e9 de perles vintage de nacre, turquoise, bois de coco et de perles du commerce v\u00e9nitien. Les \u00e9changes commerciaux entre l'Europe et l'Afrique ont fait d\u00e9couvrir des perles locales  Un bracelet tr\u00e8s f\u00e9minin et raffin\u00e9, du fait de l'assemblage des couleurs et des mati\u00e8res pourtant oppos\u00e9es.  A porter sans mod\u00e9ration avec les r\u00e9f\u00e9rences","og_url":"https:\/\/ademascarel.fr\/index.php\/product\/2467-b-2\/","og_site_name":"Anne de Mascarel","article_publisher":"https:\/\/www.facebook.com\/ademascarel\/","article_modified_time":"2025-09-03T14:15:53+00:00","og_image":[{"width":2560,"height":2343,"url":"https:\/\/ademascarel.fr\/wp-content\/uploads\/2024\/02\/IMG_20240227_174844_edit_7495389732189-scaled.jpg","type":"image\/jpeg"}],"twitter_card":"summary_large_image","twitter_misc":{"Dur\u00e9e de lecture estim\u00e9e":"1 minute"},"schema":{"@context":"https:\/\/schema.org","@graph":[{"@type":"WebPage","@id":"https:\/\/ademascarel.fr\/index.php\/product\/2467-b-2\/","url":"https:\/\/ademascarel.fr\/index.php\/product\/2467-b-2\/","name":"BF - Boho chic \/ Lakm\u00e9 2 &#8211; Anne de Mascarel","isPartOf":{"@id":"https:\/\/ademascarel.fr\/#website"},"primaryImageOfPage":{"@id":"https:\/\/ademascarel.fr\/index.php\/product\/2467-b-2\/#primaryimage"},"image":{"@id":"https:\/\/ademascarel.fr\/index.php\/product\/2467-b-2\/#primaryimage"},"thumbnailUrl":"https:\/\/ademascarel.fr\/wp-content\/uploads\/2024\/02\/IMG_20240227_174844_edit_7495389732189-scaled.jpg","datePublished":"2024-02-26T15:40:44+00:00","dateModified":"2025-09-03T14:15:53+00:00","breadcrumb":{"@id":"https:\/\/ademascarel.fr\/index.php\/product\/2467-b-2\/#breadcrumb"},"inLanguage":"fr-FR","potentialAction":[{"@type":"ReadAction","target":["https:\/\/ademascarel.fr\/index.php\/product\/2467-b-2\/"]}]},{"@type":"ImageObject","inLanguage":"fr-FR","@id":"https:\/\/ademascarel.fr\/index.php\/product\/2467-b-2\/#primaryimage","url":"https:\/\/ademascarel.fr\/wp-content\/uploads\/2024\/02\/IMG_20240227_174844_edit_7495389732189-scaled.jpg","contentUrl":"https:\/\/ademascarel.fr\/wp-content\/uploads\/2024\/02\/IMG_20240227_174844_edit_7495389732189-scaled.jpg","width":2560,"height":2343,"caption":"oznorMB"},{"@type":"BreadcrumbList","@id":"https:\/\/ademascarel.fr\/index.php\/product\/2467-b-2\/#breadcrumb","itemListElement":[{"@type":"ListItem","position":1,"name":"Accueil","item":"https:\/\/ademascarel.fr\/"},{"@type":"ListItem","position":2,"name":"Shop","item":"https:\/\/ademascarel.fr\/index.php\/shop-tout\/"},{"@type":"ListItem","position":3,"name":"BF &#8211; Boho chic \/ Lakm\u00e9 2"}]},{"@type":"WebSite","@id":"https:\/\/ademascarel.fr\/#website","url":"https:\/\/ademascarel.fr\/","name":"Anne-de-Mascarel","description":"B I J O U X","publisher":{"@id":"https:\/\/ademascarel.fr\/#organization"},"potentialAction":[{"@type":"SearchAction","target":{"@type":"EntryPoint","urlTemplate":"https:\/\/ademascarel.fr\/?s={search_term_string}"},"query-input":{"@type":"PropertyValueSpecification","valueRequired":true,"valueName":"search_term_string"}}],"inLanguage":"fr-FR"},{"@type":"Organization","@id":"https:\/\/ademascarel.fr\/#organization","name":"Anne de Mascarel","url":"https:\/\/ademascarel.fr\/","logo":{"@type":"ImageObject","inLanguage":"fr-FR","@id":"https:\/\/ademascarel.fr\/#\/schema\/logo\/image\/","url":"http:\/\/ademascarel.fr\/wp-content\/uploads\/2021\/02\/cropped-Screenshot-2021-02-01-at-19.09.26.png","contentUrl":"http:\/\/ademascarel.fr\/wp-content\/uploads\/2021\/02\/cropped-Screenshot-2021-02-01-at-19.09.26.png","width":512,"height":512,"caption":"Anne de Mascarel"},"image":{"@id":"https:\/\/ademascarel.fr\/#\/schema\/logo\/image\/"},"sameAs":["https:\/\/www.facebook.com\/ademascarel\/","https:\/\/www.instagram.com\/ademascarel\/"]}]}},"_links":{"self":[{"href":"https:\/\/ademascarel.fr\/index.php\/wp-json\/wp\/v2\/product\/6521","targetHints":{"allow":["GET"]}}],"collection":[{"href":"https:\/\/ademascarel.fr\/index.php\/wp-json\/wp\/v2\/product"}],"about":[{"href":"https:\/\/ademascarel.fr\/index.php\/wp-json\/wp\/v2\/types\/product"}],"wp:featuredmedia":[{"embeddable":true,"href":"https:\/\/ademascarel.fr\/index.php\/wp-json\/wp\/v2\/media\/6551"}],"wp:attachment":[{"href":"https:\/\/ademascarel.fr\/index.php\/wp-json\/wp\/v2\/media?parent=6521"}],"wp:term":[{"taxonomy":"product_brand","embeddable":true,"href":"https:\/\/ademascarel.fr\/index.php\/wp-json\/wp\/v2\/product_brand?post=6521"},{"taxonomy":"product_cat","embeddable":true,"href":"https:\/\/ademascarel.fr\/index.php\/wp-json\/wp\/v2\/product_cat?post=6521"},{"taxonomy":"product_tag","embeddable":true,"href":"https:\/\/ademascarel.fr\/index.php\/wp-json\/wp\/v2\/product_tag?post=6521"}],"curies":[{"name":"wp","href":"https:\/\/api.w.org\/{rel}","templated":true}]}}