{"id":6224,"date":"2024-01-20T15:53:36","date_gmt":"2024-01-20T15:53:36","guid":{"rendered":"http:\/\/ademascarel.fr\/?post_type=product&#038;p=6224"},"modified":"2025-09-03T14:19:04","modified_gmt":"2025-09-03T14:19:04","slug":"2427-c","status":"publish","type":"product","link":"https:\/\/ademascarel.fr\/index.php\/product\/2427-c\/","title":{"rendered":"CF &#8211; Boho chic \/ Tosca"},"content":{"rendered":"","protected":false},"excerpt":{"rendered":"<p>Collier boh\u00e8me chic, mont\u00e9 sur raphia, compos\u00e9 de perles en verre ancien noir \u00e0 facettes, de\u00a0perles \u00ab\u00a0tambour\u00a0\u00bb en verre cuivr\u00e9 satin\u00e9 et perles \u00ab\u00a0soucoupe\u00a0\u00bb gr\u00e8ge mat, d&rsquo;une grosse perle d&rsquo;eau douce en pendentif. 2 perles plates en argent fixent le cordon.<br \/>\nFermoir toogle en m\u00e9tal argent\u00e9.<\/p>\n<p>Perle blanche 1,4cm x 1,2cm<\/p>\n<p>A coordonner aux autres colliers Raphia, photos dans la galerie<\/p>\n","protected":false},"featured_media":6266,"template":"","meta":[],"product_brand":[],"product_cat":[677,666],"product_tag":[685,686],"class_list":{"0":"post-6224","1":"product","2":"type-product","3":"status-publish","4":"has-post-thumbnail","6":"product_cat-boho-chic","7":"product_cat-colliers-2","8":"product_tag-collier","9":"product_tag-femme","11":"first","12":"instock","13":"shipping-taxable","14":"purchasable","15":"product-type-simple"},"yoast_head":"<!-- This site is optimized with the Yoast SEO plugin v27.6 - https:\/\/yoast.com\/product\/yoast-seo-wordpress\/ -->\n<title>CF - Boho chic \/ Tosca &#8211; Anne de Mascarel<\/title>\n<meta name=\"robots\" content=\"index, follow, max-snippet:-1, max-image-preview:large, max-video-preview:-1\" \/>\n<link rel=\"canonical\" href=\"https:\/\/ademascarel.fr\/index.php\/product\/2427-c\/\" \/>\n<meta property=\"og:locale\" content=\"fr_FR\" \/>\n<meta property=\"og:type\" content=\"article\" \/>\n<meta property=\"og:title\" content=\"CF - Boho chic \/ Tosca &#8211; Anne de Mascarel\" \/>\n<meta property=\"og:description\" content=\"Collier boh\u00e8me chic, mont\u00e9 sur raphia, compos\u00e9 de perles en verre ancien noir \u00e0 facettes, de\u00a0perles &quot;tambour&quot; en verre cuivr\u00e9 satin\u00e9 et perles &quot;soucoupe&quot; gr\u00e8ge mat, d&#039;une grosse perle d&#039;eau douce en pendentif. 2 perles plates en argent fixent le cordon. Fermoir toogle en m\u00e9tal argent\u00e9.  Perle blanche 1,4cm x 1,2cm  A coordonner aux autres colliers Raphia, photos dans la galerie\" \/>\n<meta property=\"og:url\" content=\"https:\/\/ademascarel.fr\/index.php\/product\/2427-c\/\" \/>\n<meta property=\"og:site_name\" content=\"Anne de Mascarel\" \/>\n<meta property=\"article:publisher\" content=\"https:\/\/www.facebook.com\/ademascarel\/\" \/>\n<meta property=\"article:modified_time\" content=\"2025-09-03T14:19:04+00:00\" \/>\n<meta property=\"og:image\" content=\"https:\/\/ademascarel.fr\/wp-content\/uploads\/2024\/01\/IMG_20240122_165452_edit_18766403284114-scaled.jpg\" \/>\n\t<meta property=\"og:image:width\" content=\"2012\" \/>\n\t<meta property=\"og:image:height\" content=\"2560\" \/>\n\t<meta property=\"og:image:type\" content=\"image\/jpeg\" \/>\n<meta name=\"twitter:card\" content=\"summary_large_image\" \/>\n<meta name=\"twitter:label1\" content=\"Dur\u00e9e de lecture estim\u00e9e\" \/>\n\t<meta name=\"twitter:data1\" content=\"1 minute\" \/>\n<script type=\"application\/ld+json\" class=\"yoast-schema-graph\">{\"@context\":\"https:\\\/\\\/schema.org\",\"@graph\":[{\"@type\":\"WebPage\",\"@id\":\"https:\\\/\\\/ademascarel.fr\\\/index.php\\\/product\\\/2427-c\\\/\",\"url\":\"https:\\\/\\\/ademascarel.fr\\\/index.php\\\/product\\\/2427-c\\\/\",\"name\":\"CF - Boho chic \\\/ Tosca &#8211; Anne de Mascarel\",\"isPartOf\":{\"@id\":\"https:\\\/\\\/ademascarel.fr\\\/#website\"},\"primaryImageOfPage\":{\"@id\":\"https:\\\/\\\/ademascarel.fr\\\/index.php\\\/product\\\/2427-c\\\/#primaryimage\"},\"image\":{\"@id\":\"https:\\\/\\\/ademascarel.fr\\\/index.php\\\/product\\\/2427-c\\\/#primaryimage\"},\"thumbnailUrl\":\"https:\\\/\\\/ademascarel.fr\\\/wp-content\\\/uploads\\\/2024\\\/01\\\/IMG_20240122_165452_edit_18766403284114-scaled.jpg\",\"datePublished\":\"2024-01-20T15:53:36+00:00\",\"dateModified\":\"2025-09-03T14:19:04+00:00\",\"breadcrumb\":{\"@id\":\"https:\\\/\\\/ademascarel.fr\\\/index.php\\\/product\\\/2427-c\\\/#breadcrumb\"},\"inLanguage\":\"fr-FR\",\"potentialAction\":[{\"@type\":\"ReadAction\",\"target\":[\"https:\\\/\\\/ademascarel.fr\\\/index.php\\\/product\\\/2427-c\\\/\"]}]},{\"@type\":\"ImageObject\",\"inLanguage\":\"fr-FR\",\"@id\":\"https:\\\/\\\/ademascarel.fr\\\/index.php\\\/product\\\/2427-c\\\/#primaryimage\",\"url\":\"https:\\\/\\\/ademascarel.fr\\\/wp-content\\\/uploads\\\/2024\\\/01\\\/IMG_20240122_165452_edit_18766403284114-scaled.jpg\",\"contentUrl\":\"https:\\\/\\\/ademascarel.fr\\\/wp-content\\\/uploads\\\/2024\\\/01\\\/IMG_20240122_165452_edit_18766403284114-scaled.jpg\",\"width\":2012,\"height\":2560,\"caption\":\"rbt\"},{\"@type\":\"BreadcrumbList\",\"@id\":\"https:\\\/\\\/ademascarel.fr\\\/index.php\\\/product\\\/2427-c\\\/#breadcrumb\",\"itemListElement\":[{\"@type\":\"ListItem\",\"position\":1,\"name\":\"Accueil\",\"item\":\"https:\\\/\\\/ademascarel.fr\\\/\"},{\"@type\":\"ListItem\",\"position\":2,\"name\":\"Shop\",\"item\":\"https:\\\/\\\/ademascarel.fr\\\/index.php\\\/shop-tout\\\/\"},{\"@type\":\"ListItem\",\"position\":3,\"name\":\"CF &#8211; Boho chic \\\/ Tosca\"}]},{\"@type\":\"WebSite\",\"@id\":\"https:\\\/\\\/ademascarel.fr\\\/#website\",\"url\":\"https:\\\/\\\/ademascarel.fr\\\/\",\"name\":\"Anne-de-Mascarel\",\"description\":\"B I J O U X\",\"publisher\":{\"@id\":\"https:\\\/\\\/ademascarel.fr\\\/#organization\"},\"potentialAction\":[{\"@type\":\"SearchAction\",\"target\":{\"@type\":\"EntryPoint\",\"urlTemplate\":\"https:\\\/\\\/ademascarel.fr\\\/?s={search_term_string}\"},\"query-input\":{\"@type\":\"PropertyValueSpecification\",\"valueRequired\":true,\"valueName\":\"search_term_string\"}}],\"inLanguage\":\"fr-FR\"},{\"@type\":\"Organization\",\"@id\":\"https:\\\/\\\/ademascarel.fr\\\/#organization\",\"name\":\"Anne de Mascarel\",\"url\":\"https:\\\/\\\/ademascarel.fr\\\/\",\"logo\":{\"@type\":\"ImageObject\",\"inLanguage\":\"fr-FR\",\"@id\":\"https:\\\/\\\/ademascarel.fr\\\/#\\\/schema\\\/logo\\\/image\\\/\",\"url\":\"http:\\\/\\\/ademascarel.fr\\\/wp-content\\\/uploads\\\/2021\\\/02\\\/cropped-Screenshot-2021-02-01-at-19.09.26.png\",\"contentUrl\":\"http:\\\/\\\/ademascarel.fr\\\/wp-content\\\/uploads\\\/2021\\\/02\\\/cropped-Screenshot-2021-02-01-at-19.09.26.png\",\"width\":512,\"height\":512,\"caption\":\"Anne de Mascarel\"},\"image\":{\"@id\":\"https:\\\/\\\/ademascarel.fr\\\/#\\\/schema\\\/logo\\\/image\\\/\"},\"sameAs\":[\"https:\\\/\\\/www.facebook.com\\\/ademascarel\\\/\",\"https:\\\/\\\/www.instagram.com\\\/ademascarel\\\/\"]}]}<\/script>\n<!-- \/ Yoast SEO plugin. -->","yoast_head_json":{"title":"CF - Boho chic \/ Tosca &#8211; Anne de Mascarel","robots":{"index":"index","follow":"follow","max-snippet":"max-snippet:-1","max-image-preview":"max-image-preview:large","max-video-preview":"max-video-preview:-1"},"canonical":"https:\/\/ademascarel.fr\/index.php\/product\/2427-c\/","og_locale":"fr_FR","og_type":"article","og_title":"CF - Boho chic \/ Tosca &#8211; Anne de Mascarel","og_description":"Collier boh\u00e8me chic, mont\u00e9 sur raphia, compos\u00e9 de perles en verre ancien noir \u00e0 facettes, de\u00a0perles \"tambour\" en verre cuivr\u00e9 satin\u00e9 et perles \"soucoupe\" gr\u00e8ge mat, d'une grosse perle d'eau douce en pendentif. 2 perles plates en argent fixent le cordon. Fermoir toogle en m\u00e9tal argent\u00e9.  Perle blanche 1,4cm x 1,2cm  A coordonner aux autres colliers Raphia, photos dans la galerie","og_url":"https:\/\/ademascarel.fr\/index.php\/product\/2427-c\/","og_site_name":"Anne de Mascarel","article_publisher":"https:\/\/www.facebook.com\/ademascarel\/","article_modified_time":"2025-09-03T14:19:04+00:00","og_image":[{"width":2012,"height":2560,"url":"https:\/\/ademascarel.fr\/wp-content\/uploads\/2024\/01\/IMG_20240122_165452_edit_18766403284114-scaled.jpg","type":"image\/jpeg"}],"twitter_card":"summary_large_image","twitter_misc":{"Dur\u00e9e de lecture estim\u00e9e":"1 minute"},"schema":{"@context":"https:\/\/schema.org","@graph":[{"@type":"WebPage","@id":"https:\/\/ademascarel.fr\/index.php\/product\/2427-c\/","url":"https:\/\/ademascarel.fr\/index.php\/product\/2427-c\/","name":"CF - Boho chic \/ Tosca &#8211; Anne de Mascarel","isPartOf":{"@id":"https:\/\/ademascarel.fr\/#website"},"primaryImageOfPage":{"@id":"https:\/\/ademascarel.fr\/index.php\/product\/2427-c\/#primaryimage"},"image":{"@id":"https:\/\/ademascarel.fr\/index.php\/product\/2427-c\/#primaryimage"},"thumbnailUrl":"https:\/\/ademascarel.fr\/wp-content\/uploads\/2024\/01\/IMG_20240122_165452_edit_18766403284114-scaled.jpg","datePublished":"2024-01-20T15:53:36+00:00","dateModified":"2025-09-03T14:19:04+00:00","breadcrumb":{"@id":"https:\/\/ademascarel.fr\/index.php\/product\/2427-c\/#breadcrumb"},"inLanguage":"fr-FR","potentialAction":[{"@type":"ReadAction","target":["https:\/\/ademascarel.fr\/index.php\/product\/2427-c\/"]}]},{"@type":"ImageObject","inLanguage":"fr-FR","@id":"https:\/\/ademascarel.fr\/index.php\/product\/2427-c\/#primaryimage","url":"https:\/\/ademascarel.fr\/wp-content\/uploads\/2024\/01\/IMG_20240122_165452_edit_18766403284114-scaled.jpg","contentUrl":"https:\/\/ademascarel.fr\/wp-content\/uploads\/2024\/01\/IMG_20240122_165452_edit_18766403284114-scaled.jpg","width":2012,"height":2560,"caption":"rbt"},{"@type":"BreadcrumbList","@id":"https:\/\/ademascarel.fr\/index.php\/product\/2427-c\/#breadcrumb","itemListElement":[{"@type":"ListItem","position":1,"name":"Accueil","item":"https:\/\/ademascarel.fr\/"},{"@type":"ListItem","position":2,"name":"Shop","item":"https:\/\/ademascarel.fr\/index.php\/shop-tout\/"},{"@type":"ListItem","position":3,"name":"CF &#8211; Boho chic \/ Tosca"}]},{"@type":"WebSite","@id":"https:\/\/ademascarel.fr\/#website","url":"https:\/\/ademascarel.fr\/","name":"Anne-de-Mascarel","description":"B I J O U X","publisher":{"@id":"https:\/\/ademascarel.fr\/#organization"},"potentialAction":[{"@type":"SearchAction","target":{"@type":"EntryPoint","urlTemplate":"https:\/\/ademascarel.fr\/?s={search_term_string}"},"query-input":{"@type":"PropertyValueSpecification","valueRequired":true,"valueName":"search_term_string"}}],"inLanguage":"fr-FR"},{"@type":"Organization","@id":"https:\/\/ademascarel.fr\/#organization","name":"Anne de Mascarel","url":"https:\/\/ademascarel.fr\/","logo":{"@type":"ImageObject","inLanguage":"fr-FR","@id":"https:\/\/ademascarel.fr\/#\/schema\/logo\/image\/","url":"http:\/\/ademascarel.fr\/wp-content\/uploads\/2021\/02\/cropped-Screenshot-2021-02-01-at-19.09.26.png","contentUrl":"http:\/\/ademascarel.fr\/wp-content\/uploads\/2021\/02\/cropped-Screenshot-2021-02-01-at-19.09.26.png","width":512,"height":512,"caption":"Anne de Mascarel"},"image":{"@id":"https:\/\/ademascarel.fr\/#\/schema\/logo\/image\/"},"sameAs":["https:\/\/www.facebook.com\/ademascarel\/","https:\/\/www.instagram.com\/ademascarel\/"]}]}},"_links":{"self":[{"href":"https:\/\/ademascarel.fr\/index.php\/wp-json\/wp\/v2\/product\/6224","targetHints":{"allow":["GET"]}}],"collection":[{"href":"https:\/\/ademascarel.fr\/index.php\/wp-json\/wp\/v2\/product"}],"about":[{"href":"https:\/\/ademascarel.fr\/index.php\/wp-json\/wp\/v2\/types\/product"}],"wp:featuredmedia":[{"embeddable":true,"href":"https:\/\/ademascarel.fr\/index.php\/wp-json\/wp\/v2\/media\/6266"}],"wp:attachment":[{"href":"https:\/\/ademascarel.fr\/index.php\/wp-json\/wp\/v2\/media?parent=6224"}],"wp:term":[{"taxonomy":"product_brand","embeddable":true,"href":"https:\/\/ademascarel.fr\/index.php\/wp-json\/wp\/v2\/product_brand?post=6224"},{"taxonomy":"product_cat","embeddable":true,"href":"https:\/\/ademascarel.fr\/index.php\/wp-json\/wp\/v2\/product_cat?post=6224"},{"taxonomy":"product_tag","embeddable":true,"href":"https:\/\/ademascarel.fr\/index.php\/wp-json\/wp\/v2\/product_tag?post=6224"}],"curies":[{"name":"wp","href":"https:\/\/api.w.org\/{rel}","templated":true}]}}