{"id":3673,"date":"2018-11-06T17:29:45","date_gmt":"2018-11-06T17:29:45","guid":{"rendered":"http:\/\/barberry.temashdesign.com\/furnituredemo\/?page_id=3673"},"modified":"2025-08-02T07:33:45","modified_gmt":"2025-08-02T07:33:45","slug":"propos","status":"publish","type":"page","link":"https:\/\/ademascarel.fr\/index.php\/propos\/","title":{"rendered":"\u00e0 propos"},"content":{"rendered":"<p>[vc_row full_width=\u00a0\u00bbstretch_row_content_no_spaces\u00a0\u00bb full_height=\u00a0\u00bbyes\u00a0\u00bb content_placement=\u00a0\u00bbmiddle\u00a0\u00bb css=\u00a0\u00bb.vc_custom_1612110665953{background-color: #fcfcfc !important;}\u00a0\u00bb][vc_column offset=\u00a0\u00bbvc_col-lg-6 vc_col-md-8&Prime;][vc_row_inner][vc_column_inner width=\u00a0\u00bb1\/6&Prime;][\/vc_column_inner][vc_column_inner width=\u00a0\u00bb5\/6&Prime; css=\u00a0\u00bb.vc_custom_1541268784127{padding-right: 15% !important;padding-left: 15% !important;}\u00a0\u00bb offset=\u00a0\u00bbvc_hidden-sm vc_hidden-xs\u00a0\u00bb][vc_custom_heading text=\u00a0\u00bb\u00a0\u00bb font_container=\u00a0\u00bbtag:h4|font_size:30px|text_align:left|color:%23cba14a|line_height:12px\u00a0\u00bb use_theme_fonts=\u00a0\u00bbyes\u00a0\u00bb el_class=\u00a0\u00bbl-spacing-title\u00a0\u00bb][vc_custom_heading text=\u00a0\u00bbDerri\u00e8re\u00a0\u00bb font_container=\u00a0\u00bbtag:h1|font_size:102|text_align:left|color:%23cba14a|line_height:55px\u00a0\u00bb use_theme_fonts=\u00a0\u00bbyes\u00a0\u00bb css=\u00a0\u00bb.vc_custom_1619880805512{margin-bottom: 0px !important;margin-left: -50px !important;}\u00a0\u00bb][vc_custom_heading text=\u00a0\u00bbla marque\u00a0\u00bb font_container=\u00a0\u00bbtag:h1|font_size:80|text_align:left|color:%23cba14a|line_height:45px\u00a0\u00bb use_theme_fonts=\u00a0\u00bbyes\u00a0\u00bb][vc_custom_heading text=\u00a0\u00bbApr\u00e8s une carri\u00e8re de styliste dans le domaine de la maison et de la d\u00e9coration, je poursuis avec passion mon nouvel \u00e9lan cr\u00e9atif d\u00e9di\u00e9 au bijou, plaisir toujours renouvel\u00e9 pour chacune de mes pi\u00e8ces uniques.<br \/>\nChaque bijou est pr\u00e9sent\u00e9 dans un sachet raffin\u00e9 en tissu.\u00a0\u00bb font_container=\u00a0\u00bbtag:p|font_size:24px|text_align:left|color:%23878787|line_height:40px\u00a0\u00bb use_theme_fonts=\u00a0\u00bbyes\u00a0\u00bb][\/vc_column_inner][\/vc_row_inner][vc_row_inner][vc_column_inner width=\u00a0\u00bb1\/6&Prime;][\/vc_column_inner][vc_column_inner width=\u00a0\u00bb2\/3&Prime; css=\u00a0\u00bb.vc_custom_1541268793925{padding-right: 15% !important;padding-left: 15% !important;}\u00a0\u00bb offset=\u00a0\u00bbvc_hidden-lg vc_hidden-md\u00a0\u00bb][vc_custom_heading text=\u00a0\u00bbLe style\u00a0\u00bb font_container=\u00a0\u00bbtag:h4|font_size:12px|text_align:left|color:%23cba14a|line_height:12px\u00a0\u00bb use_theme_fonts=\u00a0\u00bbyes\u00a0\u00bb el_class=\u00a0\u00bbl-spacing-title\u00a0\u00bb css=\u00a0\u00bb.vc_custom_1612108090061{margin-bottom: 20px !important;}\u00a0\u00bb][vc_custom_heading text=\u00a0\u00bbAccessoires de mode\u00a0\u00bb font_container=\u00a0\u00bbtag:h1|text_align:left|color:%23ffffff|line_height:40px\u00a0\u00bb use_theme_fonts=\u00a0\u00bbyes\u00a0\u00bb css=\u00a0\u00bb.vc_custom_1612108122866{margin-bottom: 10px !important;}\u00a0\u00bb][vc_custom_heading text=\u00a0\u00bbCette collection de boucles d\u2019oreilles et de colliers s\u2019est \u00e9labor\u00e9e au gr\u00e9 de mes trouvailles, de mes envies et de mon inspiration, m\u00ealant \u00e9l\u00e9ments anciens et r\u00e9cents pour des cr\u00e9ations en exemplaires uniques.<\/p>\n<p>Librement inspir\u00e9s des tendances actuelles, les styles vintage et contemporain<br \/>\nse d\u00e9clinent en mati\u00e8res, graphismes et couleurs vari\u00e9s, utilisant verre, cristal, pierres dures, nacre, corail, bois, pi\u00e8ces de m\u00e9tal travaill\u00e9 et bien d\u2019autres encore.\u00a0\u00bb font_container=\u00a0\u00bbtag:p|text_align:left|color:%23bcbcbc\u00a0\u00bb use_theme_fonts=\u00a0\u00bbyes\u00a0\u00bb][vc_empty_space height=\u00a0\u00bb10vw\u00a0\u00bb][\/vc_column_inner][vc_column_inner width=\u00a0\u00bb1\/6&Prime;][\/vc_column_inner][\/vc_row_inner][\/vc_column][vc_column css=\u00a0\u00bb.vc_custom_1612110348655{background-position: center !important;background-repeat: no-repeat !important;background-size: cover !important;}\u00a0\u00bb offset=\u00a0\u00bbvc_col-lg-6 vc_col-md-4&Prime;][vc_row_inner css=\u00a0\u00bb.vc_custom_1619630415998{background-position: 0 0 !important;background-repeat: no-repeat !important;}\u00a0\u00bb][vc_column_inner offset=\u00a0\u00bbvc_hidden-sm vc_hidden-xs\u00a0\u00bb][vc_single_image image=\u00a0\u00bb7365&Prime; img_size=\u00a0\u00bbfull\u00a0\u00bb css_animation=\u00a0\u00bbfadeIn\u00a0\u00bb][\/vc_column_inner][\/vc_row_inner][vc_row_inner][vc_column_inner offset=\u00a0\u00bbvc_hidden-lg vc_hidden-md\u00a0\u00bb][vc_empty_space height=\u00a0\u00bb60vh\u00a0\u00bb][\/vc_column_inner][\/vc_row_inner][\/vc_column][\/vc_row][vc_row full_width=\u00a0\u00bbstretch_row_content\u00a0\u00bb full_height=\u00a0\u00bbyes\u00a0\u00bb parallax=\u00a0\u00bbcontent-moving\u00a0\u00bb parallax_speed_bg=\u00a0\u00bb1.4&Prime;][vc_column css_animation=\u00a0\u00bbfadeIn\u00a0\u00bb][vc_row_inner][vc_column_inner width=\u00a0\u00bb1\/12&Prime;][\/vc_column_inner][vc_column_inner width=\u00a0\u00bb5\/6&Prime; offset=\u00a0\u00bbvc_hidden-md vc_hidden-sm vc_hidden-xs\u00a0\u00bb][vc_empty_space height=\u00a0\u00bb5vw\u00a0\u00bb][vc_custom_heading text=\u00a0\u00bbMa d\u00e9marche\u00a0\u00bb font_container=\u00a0\u00bbtag:h1|font_size:72px|text_align:left|color:%23cba14a|line_height:72px\u00a0\u00bb use_theme_fonts=\u00a0\u00bbyes\u00a0\u00bb css=\u00a0\u00bb.vc_custom_1745846519531{margin-bottom: 20px !important;}\u00a0\u00bb][vc_custom_heading text=\u00a0\u00bbMon souhait est de r\u00e9aliser un bijou unique qui ne sera port\u00e9 que par une seule personne. J\u2019imagine alors un portrait de femme, sophistiqu\u00e9e, audacieuse ou discr\u00e8te, sportive, boh\u00e8me, aimant la mode et ce qui est original et m\u00eame rare.<\/p>\n<p>Je me laisse aller au fil de mon inspiration et de mes trouvailles avec toutefois un \u0153il sur les tendances de la saison. Je chine ici et l\u00e0 et compose mes bijoux \u00e0 partir d\u2019\u00e9l\u00e9ments vintage que j\u2019assemble avec des pi\u00e8ces plus r\u00e9centes.<\/p>\n<p>Toutes les mati\u00e8res m\u2019int\u00e9ressent, verre, cristal, pierres semi pr\u00e9cieuses, nacre, corail, bak\u00e9lite, bois, raphia, m\u00e9tal ouvrag\u00e9 et bien d\u2019autres encore.<br \/>\nJe suis aussi tr\u00e8s attentive au style, mon but \u00e9tant de renouveler le look initial des perles et leur emploi, \u00e9l\u00e9ments graphiques et couleurs s\u2019inscrivant aussi dans ma recherche.<\/p>\n<p>A l\u2019accueil du site, 10 photos d\u2019ambiance pour femme, homme et enfant vous aideront \u00e0 trouver le style de parure que vous aimerez porter ou bien m\u00eame offrir !<br \/>\nJe souhaite partager avec vous le plaisir que vous aurez \u00e0 porter un de ces bijoux uniques, celui que vous aurez choisi rien que pour vous.\u00a0\u00bb font_container=\u00a0\u00bbtag:p|font_size:36px|text_align:left|color:%237a7a7a|line_height:42px\u00a0\u00bb use_theme_fonts=\u00a0\u00bbyes\u00a0\u00bb el_class=\u00a0\u00bbfs-24px\u00a0\u00bb][\/vc_column_inner][vc_column_inner width=\u00a0\u00bb1\/12&Prime;][\/vc_column_inner][\/vc_row_inner][vc_row_inner css=\u00a0\u00bb.vc_custom_1746030874410{padding-bottom: 0px !important;background-color: #fcfcfc !important;}\u00a0\u00bb][vc_column_inner css=\u00a0\u00bb.vc_custom_1746025720121{padding-top: 5% !important;padding-right: 10% !important;padding-bottom: 5% !important;padding-left: 10% !important;}\u00a0\u00bb][vc_custom_heading text=\u00a0\u00bbLes questions que vous vous posez\u00a0\u00bb font_container=\u00a0\u00bbtag:h1|font_size:72px|text_align:left|color:%23cba14a|line_height:72px\u00a0\u00bb use_theme_fonts=\u00a0\u00bbyes\u00a0\u00bb css=\u00a0\u00bb.vc_custom_1746025442177{margin-bottom: 30px !important;}\u00a0\u00bb][vc_custom_heading text=\u00a0\u00bbComment choisir son collier en fonction de la longueur que vous souhaitez en accord avec le v\u00eatement que vous allez porter ?\u00a0\u00bb font_container=\u00a0\u00bbtag:h4|font_size:30px|text_align:left|color:%23cba14a|line_height:40px\u00a0\u00bb use_theme_fonts=\u00a0\u00bbyes\u00a0\u00bb el_class=\u00a0\u00bbl-spacing-title\u00a0\u00bb][\/vc_column_inner][\/vc_row_inner][vc_row_inner css=\u00a0\u00bb.vc_custom_1746528809046{background-color: #fcfcfc !important;}\u00a0\u00bb el_class=\u00a0\u00bbbg_colliers\u00a0\u00bb][vc_column_inner width=\u00a0\u00bb1\/2&Prime;][vc_single_image image=\u00a0\u00bb7374&Prime; img_size=\u00a0\u00bblarge\u00a0\u00bb alignment=\u00a0\u00bbright\u00a0\u00bb el_class=\u00a0\u00bbimg_collier\u00a0\u00bb][\/vc_column_inner][vc_column_inner width=\u00a0\u00bb1\/2&Prime; css=\u00a0\u00bb.vc_custom_1746025720121{padding-top: 5% !important;padding-right: 10% !important;padding-bottom: 5% !important;padding-left: 10% !important;}\u00a0\u00bb][vc_column_text el_class=\u00a0\u00bbfs-24px\u00a0\u00bb]<\/p>\n<p style=\"text-align: left;\">Ce visuel vous y aidera.<\/p>\n<p>[\/vc_column_text][\/vc_column_inner][\/vc_row_inner][vc_row_inner css=\u00a0\u00bb.vc_custom_1745848445345{background-color: #fcfcfc !important;}\u00a0\u00bb][vc_column_inner css=\u00a0\u00bb.vc_custom_1746025720121{padding-top: 5% !important;padding-right: 10% !important;padding-bottom: 5% !important;padding-left: 10% !important;}\u00a0\u00bb][vc_custom_heading text=\u00a0\u00bbVous aimeriez savoir comment porter votre collier ?\u00a0\u00bb font_container=\u00a0\u00bbtag:h4|font_size:30px|text_align:left|color:%23cba14a|line_height:12px\u00a0\u00bb use_theme_fonts=\u00a0\u00bbyes\u00a0\u00bb el_class=\u00a0\u00bbl-spacing-title\u00a0\u00bb][vc_wp_text el_class=\u00a0\u00bbfs-24px\u00a0\u00bb]Voici quelques indications pratiques :<\/p>\n<p><em>Le Ras de cou<\/em> se porte comme son nom l\u2019indique tout pr\u00e8s du cou.Toujours chic, il met en valeur un d\u00e9collet\u00e9, un col en V, une\u00a0encolure bateau et bien s\u00fbr des \u00e9paules nues. A noter que le <em>C<\/em><em>hoker <\/em>se porte un peu plus long, souvent porteur d\u2019un pendentif. Il convient \u00e9galement \u00e0 tous les types d\u2019encolures et de tenues.<\/p>\n<p><em>Le Princesse<\/em> se place au dessus de la poitrine. Il peut\u00a0\u00eatre double bien s\u00fbr, avec ou sans pendentif. S\u2019adapte \u00e0 toutes les tenues, m\u00eame un pull !<\/p>\n<p><em>Le Matin\u00e9e,<\/em> lui, est plus long sur la naissance de la poitrine, et comme le pr\u00e9c\u00e9dent\u00a0se porte tel quel ou en 2 rangs. Il habillera toutes vos tenues et aussi sur un col roul\u00e9.<\/p>\n<p><em>L\u2019Op\u00e9ra ou Sautoir<\/em> se porte tr\u00e8s long jusqu\u2019au nombril et plus. On y fait un noeud, on l\u2019entortille, on y fait des tours de cou plus ou moins l\u00e2ches, tout est possible\u2026[\/vc_wp_text][vc_custom_heading text=\u00a0\u00bbComment choisir ses boucles d\u2019oreilles ?\u00a0\u00bb font_container=\u00a0\u00bbtag:h4|font_size:30px|text_align:left|color:%23cba14a|line_height:12px\u00a0\u00bb use_theme_fonts=\u00a0\u00bbyes\u00a0\u00bb el_class=\u00a0\u00bbl-spacing-title\u00a0\u00bb][vc_column_text el_class=\u00a0\u00bbfs-24px\u00a0\u00bb]C\u2019est une affaire de go\u00fbt, d\u2019habitude aussi. \u00c7a d\u00e9pend de votre coiffure, de votre v\u00eatement&#8230; Pourquoi pas oser une seule boucle spectaculaire \u00e0 une oreille ?<\/p>\n<p>Quant au style, tout est permis, m\u00e9langes,\u00a0superpositions, longueurs, mati\u00e8res, coloris\u2026Les silhouettes des tendances se pr\u00eatent \u00e0 la cr\u00e9ativit\u00e9 de chacune mettant en sc\u00e8ne les bijoux les plus fous[\/vc_column_text][\/vc_column_inner][\/vc_row_inner][\/vc_column][\/vc_row][vc_row full_width=\u00a0\u00bbstretch_row_content\u00a0\u00bb content_placement=\u00a0\u00bbtop\u00a0\u00bb css=\u00a0\u00bb.vc_custom_1612897719621{background-color: #f9f9f9 !important;background-position: 0 0 !important;background-repeat: no-repeat !important;}\u00a0\u00bb][vc_column css_animation=\u00a0\u00bbfadeIn\u00a0\u00bb css=\u00a0\u00bb.vc_custom_1612109637533{background-position: center !important;background-repeat: no-repeat !important;background-size: cover !important;}\u00a0\u00bb offset=\u00a0\u00bbvc_hidden-sm vc_hidden-xs\u00a0\u00bb][vc_row_inner][vc_column_inner width=\u00a0\u00bb1\/12&Prime;][\/vc_column_inner][vc_column_inner width=\u00a0\u00bb7\/12&Prime; offset=\u00a0\u00bbvc_hidden-sm vc_hidden-xs\u00a0\u00bb][vc_empty_space height=\u00a0\u00bb4vw\u00a0\u00bb][vc_custom_heading text=\u00a0\u00bbTout savoir\u00a0\u00bb font_container=\u00a0\u00bbtag:h1|font_size:72px|text_align:left|color:%23cba14a|line_height:72px\u00a0\u00bb use_theme_fonts=\u00a0\u00bbyes\u00a0\u00bb][vc_empty_space height=\u00a0\u00bb3vw\u00a0\u00bb][vc_custom_heading text=\u00a0\u00bbLes composants\u00a0\u00bb font_container=\u00a0\u00bbtag:h4|font_size:30px|text_align:left|color:%23cba14a|line_height:12px\u00a0\u00bb use_theme_fonts=\u00a0\u00bbyes\u00a0\u00bb el_class=\u00a0\u00bbl-spacing-title\u00a0\u00bb][vc_custom_heading text=\u00a0\u00bbLes appr\u00eats des colliers, bracelets et boucles d\u2019oreilles sont principalement en acier inoxydable ou plaqu\u00e9 or 18K, parfois en m\u00e9tal argent\u00e9 (sans nickel ni plomb ni cadmium).<br \/>\nLes attaches des boucles d\u2019oreilles sont pr\u00e9vues pour oreilles perc\u00e9es mais sont adaptables en clips sur demande.\u00a0\u00bb font_container=\u00a0\u00bbtag:p|font_size:24px|text_align:left|color:%237a7a7a|line_height:40px\u00a0\u00bb use_theme_fonts=\u00a0\u00bbyes\u00a0\u00bb][vc_custom_heading text=\u00a0\u00bbEntretien mode d\u2019emploi\u00a0\u00bb font_container=\u00a0\u00bbtag:h4|font_size:30px|text_align:left|color:%23cba14a|line_height:12px\u00a0\u00bb use_theme_fonts=\u00a0\u00bbyes\u00a0\u00bb el_class=\u00a0\u00bbl-spacing-title\u00a0\u00bb][vc_custom_heading text=\u00a0\u00bbPour prot\u00e9ger l\u2019\u00e9clat et la long\u00e9vit\u00e9 du placage or, sur acier ou laiton, il est souhaitable d\u2019\u00e9viter le contact avec des \u00e9l\u00e9ments qui fragiliseraient vos bijoux tels que frottements, humidit\u00e9 ou produits abrasifs. Le rangement dans un sachet en tissu serait le plus indiqu\u00e9 pour profiter au mieux de vos bijoux.<br \/>\nUne pochette en tissu est jointe \u00e0 chaque achat de bijou.<br \/>\nEnroulez toujours d\u00e9licatement votre collier avant de le glisser dans sa pochette car toute pliure du fil nuirait \u00e0 l\u2019harmonie de celui-ci.\u00a0\u00bb font_container=\u00a0\u00bbtag:p|font_size:24px|text_align:left|color:%237a7a7a|line_height:40px\u00a0\u00bb use_theme_fonts=\u00a0\u00bbyes\u00a0\u00bb][vc_empty_space height=\u00a0\u00bb20px\u00a0\u00bb][\/vc_column_inner][vc_column_inner width=\u00a0\u00bb1\/3&Prime;][vc_empty_space height=\u00a0\u00bb250px\u00a0\u00bb][vc_single_image image=\u00a0\u00bb7598&Prime; img_size=\u00a0\u00bblarge\u00a0\u00bb alignment=\u00a0\u00bbright\u00a0\u00bb css_animation=\u00a0\u00bbfadeIn\u00a0\u00bb][\/vc_column_inner][\/vc_row_inner][vc_row_inner][vc_column_inner][vc_single_image image=\u00a0\u00bb3894&Prime; img_size=\u00a0\u00bblarge\u00a0\u00bb alignment=\u00a0\u00bbcenter\u00a0\u00bb el_class=\u00a0\u00bbsignature\u00a0\u00bb][\/vc_column_inner][\/vc_row_inner][\/vc_column][\/vc_row][vc_row full_width=\u00a0\u00bbstretch_row_content\u00a0\u00bb css=\u00a0\u00bb.vc_custom_1612111042904{background-color: #f7f7f7 !important;}\u00a0\u00bb][vc_column css_animation=\u00a0\u00bbfadeIn\u00a0\u00bb][vc_row_inner][vc_column_inner offset=\u00a0\u00bbvc_hidden-lg vc_hidden-md\u00a0\u00bb css=\u00a0\u00bb.vc_custom_1541278587058{padding-right: 15% !important;padding-left: 15% !important;}\u00a0\u00bb][vc_custom_heading text=\u00a0\u00bbA UNIQUE VISION\u00a0\u00bb font_container=\u00a0\u00bbtag:h4|font_size:12px|text_align:left|color:%23cba14a|line_height:12px\u00a0\u00bb use_theme_fonts=\u00a0\u00bbyes\u00a0\u00bb el_class=\u00a0\u00bbl-spacing-title\u00a0\u00bb css=\u00a0\u00bb.vc_custom_1541312920310{margin-bottom: 20px !important;}\u00a0\u00bb][vc_custom_heading text=\u00a0\u00bbI\u2019m a furniture designer who specialises in armchair designs and combining fabrics. My designs have been sold all over Europe and the USA and I have worked with some of the biggest designers in the industry.\u00a0\u00bb font_container=\u00a0\u00bbtag:p|text_align:left|color:%23ffffff\u00a0\u00bb use_theme_fonts=\u00a0\u00bbyes\u00a0\u00bb][vc_empty_space height=\u00a0\u00bb20px\u00a0\u00bb][vc_single_image image=\u00a0\u00bb3711&Prime; img_size=\u00a0\u00bbfull\u00a0\u00bb][vc_empty_space height=\u00a0\u00bb10vw\u00a0\u00bb][\/vc_column_inner][\/vc_row_inner][\/vc_column][\/vc_row]<\/p>\n","protected":false},"excerpt":{"rendered":"<p>[vc_row full_width=\u00a0\u00bbstretch_row_content_no_spaces\u00a0\u00bb full_height=\u00a0\u00bbyes\u00a0\u00bb content_placement=\u00a0\u00bbmiddle\u00a0\u00bb css=\u00a0\u00bb.vc_custom_1612110665953{background-color: #fcfcfc !important;}\u00a0\u00bb][vc_column offset=\u00a0\u00bbvc_col-lg-6 vc_col-md-8&Prime;][vc_row_inner][vc_column_inner width=\u00a0\u00bb1\/6&Prime;][\/vc_column_inner][vc_column_inner width=\u00a0\u00bb5\/6&Prime; css=\u00a0\u00bb.vc_custom_1541268784127{padding-right: 15% !important;padding-left: 15% !important;}\u00a0\u00bb offset=\u00a0\u00bbvc_hidden-sm vc_hidden-xs\u00a0\u00bb][vc_custom_heading text=\u00a0\u00bb\u00a0\u00bb font_container=\u00a0\u00bbtag:h4|font_size:30px|text_align:left|color:%23cba14a|line_height:12px\u00a0\u00bb\u2026<\/p>\n","protected":false},"author":1,"featured_media":0,"parent":0,"menu_order":0,"comment_status":"closed","ping_status":"closed","template":"","meta":{"footnotes":""},"class_list":["post-3673","page","type-page","status-publish","hentry"],"yoast_head":"<!-- This site is optimized with the Yoast SEO plugin v27.3 - https:\/\/yoast.com\/product\/yoast-seo-wordpress\/ -->\n<title>\u00e0 propos &#8211; Anne de Mascarel<\/title>\n<meta name=\"robots\" content=\"index, follow, max-snippet:-1, max-image-preview:large, max-video-preview:-1\" \/>\n<link rel=\"canonical\" href=\"https:\/\/ademascarel.fr\/index.php\/propos\/\" \/>\n<meta property=\"og:locale\" content=\"fr_FR\" \/>\n<meta property=\"og:type\" content=\"article\" \/>\n<meta property=\"og:title\" content=\"\u00e0 propos &#8211; Anne de Mascarel\" \/>\n<meta property=\"og:description\" content=\"[vc_row full_width=\u00a0\u00bbstretch_row_content_no_spaces\u00a0\u00bb full_height=\u00a0\u00bbyes\u00a0\u00bb content_placement=\u00a0\u00bbmiddle\u00a0\u00bb css=\u00a0\u00bb.vc_custom_1612110665953{background-color: #fcfcfc !important;}\u00a0\u00bb][vc_column offset=\u00a0\u00bbvc_col-lg-6 vc_col-md-8&Prime;][vc_row_inner][vc_column_inner width=\u00a0\u00bb1\/6&Prime;][\/vc_column_inner][vc_column_inner width=\u00a0\u00bb5\/6&Prime; css=\u00a0\u00bb.vc_custom_1541268784127{padding-right: 15% !important;padding-left: 15% !important;}\u00a0\u00bb offset=\u00a0\u00bbvc_hidden-sm vc_hidden-xs\u00a0\u00bb][vc_custom_heading text=\u00a0\u00bb\u00a0\u00bb font_container=\u00a0\u00bbtag:h4|font_size:30px|text_align:left|color:%23cba14a|line_height:12px\u00a0\u00bb\u2026\" \/>\n<meta property=\"og:url\" content=\"https:\/\/ademascarel.fr\/index.php\/propos\/\" \/>\n<meta property=\"og:site_name\" content=\"Anne de Mascarel\" \/>\n<meta property=\"article:publisher\" content=\"https:\/\/www.facebook.com\/ademascarel\/\" \/>\n<meta property=\"article:modified_time\" content=\"2025-08-02T07:33:45+00:00\" \/>\n<meta name=\"twitter:card\" content=\"summary_large_image\" \/>\n<meta name=\"twitter:label1\" content=\"Dur\u00e9e de lecture estim\u00e9e\" \/>\n\t<meta name=\"twitter:data1\" content=\"6 minutes\" \/>\n<script type=\"application\/ld+json\" class=\"yoast-schema-graph\">{\"@context\":\"https:\\\/\\\/schema.org\",\"@graph\":[{\"@type\":\"WebPage\",\"@id\":\"https:\\\/\\\/ademascarel.fr\\\/index.php\\\/propos\\\/\",\"url\":\"https:\\\/\\\/ademascarel.fr\\\/index.php\\\/propos\\\/\",\"name\":\"\u00e0 propos &#8211; Anne de Mascarel\",\"isPartOf\":{\"@id\":\"https:\\\/\\\/ademascarel.fr\\\/#website\"},\"datePublished\":\"2018-11-06T17:29:45+00:00\",\"dateModified\":\"2025-08-02T07:33:45+00:00\",\"breadcrumb\":{\"@id\":\"https:\\\/\\\/ademascarel.fr\\\/index.php\\\/propos\\\/#breadcrumb\"},\"inLanguage\":\"fr-FR\",\"potentialAction\":[{\"@type\":\"ReadAction\",\"target\":[\"https:\\\/\\\/ademascarel.fr\\\/index.php\\\/propos\\\/\"]}]},{\"@type\":\"BreadcrumbList\",\"@id\":\"https:\\\/\\\/ademascarel.fr\\\/index.php\\\/propos\\\/#breadcrumb\",\"itemListElement\":[{\"@type\":\"ListItem\",\"position\":1,\"name\":\"Accueil\",\"item\":\"https:\\\/\\\/ademascarel.fr\\\/\"},{\"@type\":\"ListItem\",\"position\":2,\"name\":\"\u00e0 propos\"}]},{\"@type\":\"WebSite\",\"@id\":\"https:\\\/\\\/ademascarel.fr\\\/#website\",\"url\":\"https:\\\/\\\/ademascarel.fr\\\/\",\"name\":\"Anne-de-Mascarel\",\"description\":\"B I J O U X\",\"publisher\":{\"@id\":\"https:\\\/\\\/ademascarel.fr\\\/#organization\"},\"potentialAction\":[{\"@type\":\"SearchAction\",\"target\":{\"@type\":\"EntryPoint\",\"urlTemplate\":\"https:\\\/\\\/ademascarel.fr\\\/?s={search_term_string}\"},\"query-input\":{\"@type\":\"PropertyValueSpecification\",\"valueRequired\":true,\"valueName\":\"search_term_string\"}}],\"inLanguage\":\"fr-FR\"},{\"@type\":\"Organization\",\"@id\":\"https:\\\/\\\/ademascarel.fr\\\/#organization\",\"name\":\"Anne de Mascarel\",\"url\":\"https:\\\/\\\/ademascarel.fr\\\/\",\"logo\":{\"@type\":\"ImageObject\",\"inLanguage\":\"fr-FR\",\"@id\":\"https:\\\/\\\/ademascarel.fr\\\/#\\\/schema\\\/logo\\\/image\\\/\",\"url\":\"http:\\\/\\\/ademascarel.fr\\\/wp-content\\\/uploads\\\/2021\\\/02\\\/cropped-Screenshot-2021-02-01-at-19.09.26.png\",\"contentUrl\":\"http:\\\/\\\/ademascarel.fr\\\/wp-content\\\/uploads\\\/2021\\\/02\\\/cropped-Screenshot-2021-02-01-at-19.09.26.png\",\"width\":512,\"height\":512,\"caption\":\"Anne de Mascarel\"},\"image\":{\"@id\":\"https:\\\/\\\/ademascarel.fr\\\/#\\\/schema\\\/logo\\\/image\\\/\"},\"sameAs\":[\"https:\\\/\\\/www.facebook.com\\\/ademascarel\\\/\",\"https:\\\/\\\/www.instagram.com\\\/ademascarel\\\/\"]}]}<\/script>\n<!-- \/ Yoast SEO plugin. -->","yoast_head_json":{"title":"\u00e0 propos &#8211; Anne de Mascarel","robots":{"index":"index","follow":"follow","max-snippet":"max-snippet:-1","max-image-preview":"max-image-preview:large","max-video-preview":"max-video-preview:-1"},"canonical":"https:\/\/ademascarel.fr\/index.php\/propos\/","og_locale":"fr_FR","og_type":"article","og_title":"\u00e0 propos &#8211; Anne de Mascarel","og_description":"[vc_row full_width=\u00a0\u00bbstretch_row_content_no_spaces\u00a0\u00bb full_height=\u00a0\u00bbyes\u00a0\u00bb content_placement=\u00a0\u00bbmiddle\u00a0\u00bb css=\u00a0\u00bb.vc_custom_1612110665953{background-color: #fcfcfc !important;}\u00a0\u00bb][vc_column offset=\u00a0\u00bbvc_col-lg-6 vc_col-md-8&Prime;][vc_row_inner][vc_column_inner width=\u00a0\u00bb1\/6&Prime;][\/vc_column_inner][vc_column_inner width=\u00a0\u00bb5\/6&Prime; css=\u00a0\u00bb.vc_custom_1541268784127{padding-right: 15% !important;padding-left: 15% !important;}\u00a0\u00bb offset=\u00a0\u00bbvc_hidden-sm vc_hidden-xs\u00a0\u00bb][vc_custom_heading text=\u00a0\u00bb\u00a0\u00bb font_container=\u00a0\u00bbtag:h4|font_size:30px|text_align:left|color:%23cba14a|line_height:12px\u00a0\u00bb\u2026","og_url":"https:\/\/ademascarel.fr\/index.php\/propos\/","og_site_name":"Anne de Mascarel","article_publisher":"https:\/\/www.facebook.com\/ademascarel\/","article_modified_time":"2025-08-02T07:33:45+00:00","twitter_card":"summary_large_image","twitter_misc":{"Dur\u00e9e de lecture estim\u00e9e":"6 minutes"},"schema":{"@context":"https:\/\/schema.org","@graph":[{"@type":"WebPage","@id":"https:\/\/ademascarel.fr\/index.php\/propos\/","url":"https:\/\/ademascarel.fr\/index.php\/propos\/","name":"\u00e0 propos &#8211; Anne de Mascarel","isPartOf":{"@id":"https:\/\/ademascarel.fr\/#website"},"datePublished":"2018-11-06T17:29:45+00:00","dateModified":"2025-08-02T07:33:45+00:00","breadcrumb":{"@id":"https:\/\/ademascarel.fr\/index.php\/propos\/#breadcrumb"},"inLanguage":"fr-FR","potentialAction":[{"@type":"ReadAction","target":["https:\/\/ademascarel.fr\/index.php\/propos\/"]}]},{"@type":"BreadcrumbList","@id":"https:\/\/ademascarel.fr\/index.php\/propos\/#breadcrumb","itemListElement":[{"@type":"ListItem","position":1,"name":"Accueil","item":"https:\/\/ademascarel.fr\/"},{"@type":"ListItem","position":2,"name":"\u00e0 propos"}]},{"@type":"WebSite","@id":"https:\/\/ademascarel.fr\/#website","url":"https:\/\/ademascarel.fr\/","name":"Anne-de-Mascarel","description":"B I J O U X","publisher":{"@id":"https:\/\/ademascarel.fr\/#organization"},"potentialAction":[{"@type":"SearchAction","target":{"@type":"EntryPoint","urlTemplate":"https:\/\/ademascarel.fr\/?s={search_term_string}"},"query-input":{"@type":"PropertyValueSpecification","valueRequired":true,"valueName":"search_term_string"}}],"inLanguage":"fr-FR"},{"@type":"Organization","@id":"https:\/\/ademascarel.fr\/#organization","name":"Anne de Mascarel","url":"https:\/\/ademascarel.fr\/","logo":{"@type":"ImageObject","inLanguage":"fr-FR","@id":"https:\/\/ademascarel.fr\/#\/schema\/logo\/image\/","url":"http:\/\/ademascarel.fr\/wp-content\/uploads\/2021\/02\/cropped-Screenshot-2021-02-01-at-19.09.26.png","contentUrl":"http:\/\/ademascarel.fr\/wp-content\/uploads\/2021\/02\/cropped-Screenshot-2021-02-01-at-19.09.26.png","width":512,"height":512,"caption":"Anne de Mascarel"},"image":{"@id":"https:\/\/ademascarel.fr\/#\/schema\/logo\/image\/"},"sameAs":["https:\/\/www.facebook.com\/ademascarel\/","https:\/\/www.instagram.com\/ademascarel\/"]}]}},"_links":{"self":[{"href":"https:\/\/ademascarel.fr\/index.php\/wp-json\/wp\/v2\/pages\/3673","targetHints":{"allow":["GET"]}}],"collection":[{"href":"https:\/\/ademascarel.fr\/index.php\/wp-json\/wp\/v2\/pages"}],"about":[{"href":"https:\/\/ademascarel.fr\/index.php\/wp-json\/wp\/v2\/types\/page"}],"author":[{"embeddable":true,"href":"https:\/\/ademascarel.fr\/index.php\/wp-json\/wp\/v2\/users\/1"}],"replies":[{"embeddable":true,"href":"https:\/\/ademascarel.fr\/index.php\/wp-json\/wp\/v2\/comments?post=3673"}],"version-history":[{"count":144,"href":"https:\/\/ademascarel.fr\/index.php\/wp-json\/wp\/v2\/pages\/3673\/revisions"}],"predecessor-version":[{"id":7599,"href":"https:\/\/ademascarel.fr\/index.php\/wp-json\/wp\/v2\/pages\/3673\/revisions\/7599"}],"wp:attachment":[{"href":"https:\/\/ademascarel.fr\/index.php\/wp-json\/wp\/v2\/media?parent=3673"}],"curies":[{"name":"wp","href":"https:\/\/api.w.org\/{rel}","templated":true}]}}